{"id":8696,"date":"2019-04-26T09:14:43","date_gmt":"2019-04-26T06:14:43","guid":{"rendered":"https:\/\/www.hevoshuutokaupat.fi\/info\/ilmoita-internethuutokauppaan\/"},"modified":"2025-03-07T13:41:34","modified_gmt":"2025-03-07T11:41:34","slug":"ilmoita-internethuutokauppaan","status":"publish","type":"page","link":"https:\/\/www.hevoshuutokaupat.fi\/sv\/info\/ilmoita-internethuutokauppaan\/","title":{"rendered":"Internetauktion"},"content":{"rendered":"<p>[vc_row][vc_column width=&#8221;2\/3&#8243;][vc_column_text]Internetauktion nu i samarbete med <a href=\"https:\/\/www.trauktion.se\/fi\/\">TR Auktion<\/a>[\/vc_column_text][\/vc_column][vc_column width=&#8221;1\/3&#8243;][vc_widget_sidebar sidebar_id=&#8221;sidebar-1&#8243;][\/vc_column][\/vc_row]<\/p>\n","protected":false},"excerpt":{"rendered":"<p>[vc_row][vc_column width=&#8221;2\/3&#8243;][vc_column_text]Internetauktion nu i samarbete med TR Auktion[\/vc_column_text][\/vc_column][vc_column width=&#8221;1\/3&#8243;][vc_widget_sidebar sidebar_id=&#8221;sidebar-1&#8243;][\/vc_column][\/vc_row]<\/p>\n","protected":false},"author":1,"featured_media":0,"parent":8582,"menu_order":0,"comment_status":"closed","ping_status":"closed","template":"","meta":{"footnotes":""},"class_list":["post-8696","page","type-page","status-publish","hentry"],"yoast_head":"<!-- This site is optimized with the Yoast SEO plugin v27.2 - https:\/\/yoast.com\/product\/yoast-seo-wordpress\/ -->\n<title>Internetauktion - Starinitan varsahuutokauppa<\/title>\n<meta name=\"robots\" content=\"index, follow, max-snippet:-1, max-image-preview:large, max-video-preview:-1\" \/>\n<link rel=\"canonical\" href=\"https:\/\/www.hevoshuutokaupat.fi\/sv\/info\/ilmoita-internethuutokauppaan\/\" \/>\n<meta property=\"og:locale\" content=\"sv_SE\" \/>\n<meta property=\"og:type\" content=\"article\" \/>\n<meta property=\"og:title\" content=\"Internetauktion - Starinitan varsahuutokauppa\" \/>\n<meta property=\"og:description\" content=\"[vc_row][vc_column width=&#8221;2\/3&#8243;][vc_column_text]Internetauktion nu i samarbete med TR Auktion[\/vc_column_text][\/vc_column][vc_column width=&#8221;1\/3&#8243;][vc_widget_sidebar sidebar_id=&#8221;sidebar-1&#8243;][\/vc_column][\/vc_row]\" \/>\n<meta property=\"og:url\" content=\"https:\/\/www.hevoshuutokaupat.fi\/sv\/info\/ilmoita-internethuutokauppaan\/\" \/>\n<meta property=\"og:site_name\" content=\"Starinitan varsahuutokauppa\" \/>\n<meta property=\"article:modified_time\" content=\"2025-03-07T11:41:34+00:00\" \/>\n<meta name=\"twitter:card\" content=\"summary_large_image\" \/>\n<meta name=\"twitter:label1\" content=\"Ber\u00e4knad l\u00e4stid\" \/>\n\t<meta name=\"twitter:data1\" content=\"3 minuter\" \/>\n<script type=\"application\/ld+json\" class=\"yoast-schema-graph\">{\"@context\":\"https:\/\/schema.org\",\"@graph\":[{\"@type\":\"WebPage\",\"@id\":\"https:\/\/www.hevoshuutokaupat.fi\/sv\/info\/ilmoita-internethuutokauppaan\/\",\"url\":\"https:\/\/www.hevoshuutokaupat.fi\/sv\/info\/ilmoita-internethuutokauppaan\/\",\"name\":\"Internetauktion - Starinitan varsahuutokauppa\",\"isPartOf\":{\"@id\":\"https:\/\/www.hevoshuutokaupat.fi\/#website\"},\"datePublished\":\"2019-04-26T06:14:43+00:00\",\"dateModified\":\"2025-03-07T11:41:34+00:00\",\"breadcrumb\":{\"@id\":\"https:\/\/www.hevoshuutokaupat.fi\/sv\/info\/ilmoita-internethuutokauppaan\/#breadcrumb\"},\"inLanguage\":\"sv-SE\",\"potentialAction\":[{\"@type\":\"ReadAction\",\"target\":[\"https:\/\/www.hevoshuutokaupat.fi\/sv\/info\/ilmoita-internethuutokauppaan\/\"]}]},{\"@type\":\"BreadcrumbList\",\"@id\":\"https:\/\/www.hevoshuutokaupat.fi\/sv\/info\/ilmoita-internethuutokauppaan\/#breadcrumb\",\"itemListElement\":[{\"@type\":\"ListItem\",\"position\":1,\"name\":\"Etusivu\",\"item\":\"https:\/\/www.hevoshuutokaupat.fi\/sv\/\"},{\"@type\":\"ListItem\",\"position\":2,\"name\":\"Info\",\"item\":\"https:\/\/www.hevoshuutokaupat.fi\/sv\/info\/\"},{\"@type\":\"ListItem\",\"position\":3,\"name\":\"Internetauktion\"}]},{\"@type\":\"WebSite\",\"@id\":\"https:\/\/www.hevoshuutokaupat.fi\/#website\",\"url\":\"https:\/\/www.hevoshuutokaupat.fi\/\",\"name\":\"Starinitan varsahuutokauppa\",\"description\":\"Perinteik\u00e4s Varsahuutokauppa j\u00e4rjestet\u00e4\u00e4n Yp\u00e4j\u00e4n Hevosopistolla perjantaina 13.9.2019 jo 22. kerran!\",\"publisher\":{\"@id\":\"https:\/\/www.hevoshuutokaupat.fi\/#organization\"},\"potentialAction\":[{\"@type\":\"SearchAction\",\"target\":{\"@type\":\"EntryPoint\",\"urlTemplate\":\"https:\/\/www.hevoshuutokaupat.fi\/?s={search_term_string}\"},\"query-input\":{\"@type\":\"PropertyValueSpecification\",\"valueRequired\":true,\"valueName\":\"search_term_string\"}}],\"inLanguage\":\"sv-SE\"},{\"@type\":\"Organization\",\"@id\":\"https:\/\/www.hevoshuutokaupat.fi\/#organization\",\"name\":\"Starinitan varsahuutokauppa\",\"url\":\"https:\/\/www.hevoshuutokaupat.fi\/\",\"logo\":{\"@type\":\"ImageObject\",\"inLanguage\":\"sv-SE\",\"@id\":\"https:\/\/www.hevoshuutokaupat.fi\/#\/schema\/logo\/image\/\",\"url\":\"https:\/\/www.hevoshuutokaupat.fi\/wp-content\/uploads\/2021\/06\/logo_white2-1.png\",\"contentUrl\":\"https:\/\/www.hevoshuutokaupat.fi\/wp-content\/uploads\/2021\/06\/logo_white2-1.png\",\"width\":328,\"height\":115,\"caption\":\"Starinitan varsahuutokauppa\"},\"image\":{\"@id\":\"https:\/\/www.hevoshuutokaupat.fi\/#\/schema\/logo\/image\/\"}}]}<\/script>\n<!-- \/ Yoast SEO plugin. -->","yoast_head_json":{"title":"Internetauktion - Starinitan varsahuutokauppa","robots":{"index":"index","follow":"follow","max-snippet":"max-snippet:-1","max-image-preview":"max-image-preview:large","max-video-preview":"max-video-preview:-1"},"canonical":"https:\/\/www.hevoshuutokaupat.fi\/sv\/info\/ilmoita-internethuutokauppaan\/","og_locale":"sv_SE","og_type":"article","og_title":"Internetauktion - Starinitan varsahuutokauppa","og_description":"[vc_row][vc_column width=&#8221;2\/3&#8243;][vc_column_text]Internetauktion nu i samarbete med TR Auktion[\/vc_column_text][\/vc_column][vc_column width=&#8221;1\/3&#8243;][vc_widget_sidebar sidebar_id=&#8221;sidebar-1&#8243;][\/vc_column][\/vc_row]","og_url":"https:\/\/www.hevoshuutokaupat.fi\/sv\/info\/ilmoita-internethuutokauppaan\/","og_site_name":"Starinitan varsahuutokauppa","article_modified_time":"2025-03-07T11:41:34+00:00","twitter_card":"summary_large_image","twitter_misc":{"Ber\u00e4knad l\u00e4stid":"3 minuter"},"schema":{"@context":"https:\/\/schema.org","@graph":[{"@type":"WebPage","@id":"https:\/\/www.hevoshuutokaupat.fi\/sv\/info\/ilmoita-internethuutokauppaan\/","url":"https:\/\/www.hevoshuutokaupat.fi\/sv\/info\/ilmoita-internethuutokauppaan\/","name":"Internetauktion - Starinitan varsahuutokauppa","isPartOf":{"@id":"https:\/\/www.hevoshuutokaupat.fi\/#website"},"datePublished":"2019-04-26T06:14:43+00:00","dateModified":"2025-03-07T11:41:34+00:00","breadcrumb":{"@id":"https:\/\/www.hevoshuutokaupat.fi\/sv\/info\/ilmoita-internethuutokauppaan\/#breadcrumb"},"inLanguage":"sv-SE","potentialAction":[{"@type":"ReadAction","target":["https:\/\/www.hevoshuutokaupat.fi\/sv\/info\/ilmoita-internethuutokauppaan\/"]}]},{"@type":"BreadcrumbList","@id":"https:\/\/www.hevoshuutokaupat.fi\/sv\/info\/ilmoita-internethuutokauppaan\/#breadcrumb","itemListElement":[{"@type":"ListItem","position":1,"name":"Etusivu","item":"https:\/\/www.hevoshuutokaupat.fi\/sv\/"},{"@type":"ListItem","position":2,"name":"Info","item":"https:\/\/www.hevoshuutokaupat.fi\/sv\/info\/"},{"@type":"ListItem","position":3,"name":"Internetauktion"}]},{"@type":"WebSite","@id":"https:\/\/www.hevoshuutokaupat.fi\/#website","url":"https:\/\/www.hevoshuutokaupat.fi\/","name":"Starinitan varsahuutokauppa","description":"Perinteik\u00e4s Varsahuutokauppa j\u00e4rjestet\u00e4\u00e4n Yp\u00e4j\u00e4n Hevosopistolla perjantaina 13.9.2019 jo 22. kerran!","publisher":{"@id":"https:\/\/www.hevoshuutokaupat.fi\/#organization"},"potentialAction":[{"@type":"SearchAction","target":{"@type":"EntryPoint","urlTemplate":"https:\/\/www.hevoshuutokaupat.fi\/?s={search_term_string}"},"query-input":{"@type":"PropertyValueSpecification","valueRequired":true,"valueName":"search_term_string"}}],"inLanguage":"sv-SE"},{"@type":"Organization","@id":"https:\/\/www.hevoshuutokaupat.fi\/#organization","name":"Starinitan varsahuutokauppa","url":"https:\/\/www.hevoshuutokaupat.fi\/","logo":{"@type":"ImageObject","inLanguage":"sv-SE","@id":"https:\/\/www.hevoshuutokaupat.fi\/#\/schema\/logo\/image\/","url":"https:\/\/www.hevoshuutokaupat.fi\/wp-content\/uploads\/2021\/06\/logo_white2-1.png","contentUrl":"https:\/\/www.hevoshuutokaupat.fi\/wp-content\/uploads\/2021\/06\/logo_white2-1.png","width":328,"height":115,"caption":"Starinitan varsahuutokauppa"},"image":{"@id":"https:\/\/www.hevoshuutokaupat.fi\/#\/schema\/logo\/image\/"}}]}},"_links":{"self":[{"href":"https:\/\/www.hevoshuutokaupat.fi\/sv\/wp-json\/wp\/v2\/pages\/8696","targetHints":{"allow":["GET"]}}],"collection":[{"href":"https:\/\/www.hevoshuutokaupat.fi\/sv\/wp-json\/wp\/v2\/pages"}],"about":[{"href":"https:\/\/www.hevoshuutokaupat.fi\/sv\/wp-json\/wp\/v2\/types\/page"}],"author":[{"embeddable":true,"href":"https:\/\/www.hevoshuutokaupat.fi\/sv\/wp-json\/wp\/v2\/users\/1"}],"replies":[{"embeddable":true,"href":"https:\/\/www.hevoshuutokaupat.fi\/sv\/wp-json\/wp\/v2\/comments?post=8696"}],"version-history":[{"count":11,"href":"https:\/\/www.hevoshuutokaupat.fi\/sv\/wp-json\/wp\/v2\/pages\/8696\/revisions"}],"predecessor-version":[{"id":29525,"href":"https:\/\/www.hevoshuutokaupat.fi\/sv\/wp-json\/wp\/v2\/pages\/8696\/revisions\/29525"}],"up":[{"embeddable":true,"href":"https:\/\/www.hevoshuutokaupat.fi\/sv\/wp-json\/wp\/v2\/pages\/8582"}],"wp:attachment":[{"href":"https:\/\/www.hevoshuutokaupat.fi\/sv\/wp-json\/wp\/v2\/media?parent=8696"}],"curies":[{"name":"wp","href":"https:\/\/api.w.org\/{rel}","templated":true}]}}