{"id":8681,"date":"2019-02-11T12:49:01","date_gmt":"2019-02-11T12:49:01","guid":{"rendered":"https:\/\/www.hevoshuutokaupat.fi\/info\/huippuloytoja-huutokaupasta\/"},"modified":"2019-09-11T08:22:40","modified_gmt":"2019-09-11T05:22:40","slug":"huippuloytoja-huutokaupasta","status":"publish","type":"page","link":"https:\/\/www.hevoshuutokaupat.fi\/sv\/info\/huippuloytoja-huutokaupasta\/","title":{"rendered":"Superfynd fr\u00e5n auktionen"},"content":{"rendered":"<p>[vc_row][vc_column]<div class=\"section-title-wrapper shortcode-rand-1 embrad-inline-css\" data-css=\"&quot;.shortcode-rand-1 .background-title { font-family:Abril Fatface;font-weight:400;font-style:normal }.shortcode-rand-1 .section-title { text-transform: none; }&quot;\"><div class=\"title-wrap\"><h2 class=\"section-title\">Framg\u00e5ngsrika h\u00e4star k\u00f6pta p\u00e5 auktion<\/h2><\/div><!-- .title-wrap --><div class=\"section-description\"><\/div><!-- .section-description --><div class=\"button-section\"><\/div><!-- .button-section --><\/div><!-- .section-title-wrapper --><div class=\"team-wrapper team-1 text-center team-light\" data-css=\"&quot;&quot;\"><div class=\"row\"><div class=\"col-lg-4 col-md-4\"><div class=\"team-inner team-overlay-actived\"><div class=\"team-name-designation\"><h3>Bosses Lady<\/h3><p>11,5a 14,4 228.960 \u20ac 44 17-5-7 \/ Voittanut mm.Tammakriteriumin, Tammahambon, Derbyn Tammachampionin ja Derbyn karsinnan. Toinen Kriteriumissa.<\/p><\/div><!-- .team-name-designation --><\/div><!-- .team-inner --><\/div><!-- .cols --><div class=\"col-lg-4 col-md-4\"><div class=\"team-inner team-overlay-actived\"><div class=\"team-name-designation\"><h3>Graceful Swamp<\/h3><p>11,7a 13,5 407.050 \u20ac 36 29-1-2 \/ Voitti ennen liian varhaista menehtymist\u00e4\u00e4n mm. Kasvattajakruunun, Biofarm Cupin SE-ajalla, Seppeleajon, Hambon, Oulu Expressin, Glenn Kosmos Memorialin, Kuopio Stakesin, Suur-Hollolan Nelivuotispokaalin, Eugen Pylv\u00e4n\u00e4isen muistoajon, Suuren Suomalaisen Derbyn sek\u00e4 UET-karsinnan.<\/p><\/div><!-- .team-name-designation --><\/div><!-- .team-inner --><\/div><!-- .cols --><div class=\"col-lg-4 col-md-4\"><div class=\"team-inner team-overlay-actived\"><div class=\"team-name-designation\"><h3>Bosses Lily<\/h3><p>11,5a 13,2 278.262 \u20ac st. 108 26-10-12 \/ Kriteriumvoittaja, St.Leger-voittaja, Tammakriterium 3. Kasvattajakruunu 2. Suur-Hollolan Best Princess 3.<\/p><\/div><!-- .team-name-designation --><\/div><!-- .team-inner --><\/div><!-- .cols --><\/div><!-- .row --><\/div><!-- .team-wrapper -->[vc_column_text]<\/p>\n<ul>\n<li>Bosses Lily (11,5a 13,2 275.212 \u20ac st. 98 25-10-12) Kriteriumvoittaja, St.Leger-voittaja, Tammakriterium 3. Kasvattajakruunu 2. Suur-Hollolan Best Princess 3.<\/li>\n<li>Oz Kemp (12,3a 14,7 255 580 \u20ac st. 81 19-11-7) Kasvattajakruunuvoittaja<\/li>\n<li>Air Force (11,5a 15,0 250 514 \u20ac st. 54 20-11-5) Suomen Mestari 2005, 2x Suur-Hollola-Ajon 2.<\/li>\n<li>Owen Kemp (11,8a 14,4 231.165 \u20ac st. 150 15-15-20) Kriteriumin 2., Derbyn 3.<\/li>\n<li>Stoneisle Lilian (12,9a 13,5 185.588 \u20ac st. 45 14-4-4) Uudenmaan Upein voittaja, Einari Vidgrenin Muistoajon voittaja SE-tuloksella, Kymenlaaksoajo Consolation voittaja, Tammakriteriumrevanssin voittaja, Isla-ajo, Villinmiehen Tammakilvan voittaja, Derbyn Tammachampion.<\/li>\n<li>Milia (23,1a 24,6 177 245 \u20ac st. 194 26-20-14) Ravikuningatar 2005 &amp; 2. 2007, Prix des Trotteurs Sang-Froid 3. Hel\u00e4tin-ajo 3. Marinka-ajo 3. Savo-ajo 3.<\/li>\n<li>Graceful Swamp (12,9a 13,5 163.900 \u20ac st. 26 21-0-2) Voitti mm. Kasvattajakruunun, Biofarm Cupin SE-ajalla ja Seppeleajon<\/li>\n<li>Daryl Boko (09,6a 13,3 219.932 NZ$ +29.830 AUS$ (n. 149.000 \u20ac) st. 64 12-7-7)<\/li>\n<li>Sundsvik Saigon (11,4a 15,8 125.606 \u20ac st. 56 19-11-6) Uudenmaan Upein 3.<\/li>\n<li>Bosses Lady (14,0a 17,2 131.300 \u20ac st. 17 11-2-1)<\/li>\n<li>Part Two (12,3a 13,1 116.634 \u20ac st. 116 17-15-8)<\/li>\n<li>Gloria Web (12,5a 1.168.759 kr st. 16 9-0-2) voitti Tammakriteriumin sek\u00e4 Kriterium- ja Derbykarsinnan, kolmas Derbyss\u00e4<\/li>\n<li>Alice Laukko (12,6a 14,8 107.950 \u20ac st. 147 18-19-21) Kasvattajakruunu 3. Suur-Hollolan Best Lady 2.<\/li>\n<li>Sahara B Boy (12,6a 14,8 106.485 \u20ac st. 83 15-9-7) Toinen Derbyss\u00e4<\/li>\n<li>Grainfield Oliver (12,2a 16,4 105.720 \u20ac st. 72 24-11-6)<\/li>\n<li>Name It Kemp (13,0a 15,3 93.559 \u20ac st. 67 12-13-6) Kymenlaaksoajon 2.<\/li>\n<li>Stoneisle Ocean (10,9a 14,0 89.949 \u20ac st. 25 10-2-4 )<\/li>\n<li>Tupla-Heli (23,7a 26,3 87.578 \u20ac st. 160 14-20-26) Villinmiehen Tammakilvan 2. St. Michel Tammat\u00e4hden 3.<\/li>\n<li>BWT Satelite (13,7a 15,6 84.207 \u20ac st. 59 8-11-8) Kuopio Stakesin 3., Kasvattajakruunun 3.<\/li>\n<li>Funny Farm (11,6a 15,8 83.405 \u20ac st. 85 17-8-12)<\/li>\n<li>In Smooth Action (13,0a 15,6 79.655 \u20ac st. 56 8-10-8) Kasvattajakruunuvoittaja, Erkki Rajakoski Memorial 2.<\/li>\n<li>Sahara Rouge (12,4a 13,9 77.365 \u20ac st. 141 21-18-23)<\/li>\n<li>BWT High Voltage (12,9a 15,8 74.735 \u20ac st. 40 3-6-8) Kasvattajakruunun 3. Villinmiehen Tammakilvan 2. Tammakriteriumin 2.<\/li>\n<li>Anthony Web (12,5a 14,0 73.592 \u20ac st. 62 10-7-7) Tammakriterium 3. Uudenmaan Upein 3. Kasvattajakruunu 2. Tammaderby 2.<\/li>\n<li>Oliwer Hip (11,6a 13,0 72.857 \u20ac st. 75 10-7-8) Kriteriumin kolmas.<\/li>\n<li>Bid On Kemp 12,0a 16,2 71.825 \u20ac st.19 11-2-3\u00a0 Villimiehen Tammakilvan 1.<\/li>\n<li>Cindy Hip (14,1a 16,5 69.670 \u20ac, st. 60 7-6-7) Tammakriteriumin ja Kasvattajakruunun 2.<\/li>\n<li>Anthony (13,3a 20,2 66.700 \u20ac st. 76 24-11-5 )<\/li>\n<li>BWT Dynamite (13,8a 16,4 65.755 \u20ac st. 60, 5-13-4) 2 x Kasvattajakruunun 2. Uudenmaan Upeimman voittaja<\/li>\n<li>Grainfield Ace (11,7a 14,0 65.461 \u20ac st. 62 13-6-6)<\/li>\n<li>Ranch Don Dee (14,3a 18,4 63.607 \u20ac st. 77 16-12-7) Kasvattajakruunun 2.<\/li>\n<li>Ratu Royale 11,0a 15,4 63.018 \u20ac st. 26 6-4-0\u00a0 EE-tamma, tammakriterium 2.<\/li>\n<li>Docke Kemp (12,5a 15,7 57.836 \u20ac st. 90 10-10-2)<\/li>\n<li>Agnese (11,7a 17,4 56.495 \u20ac st. 51 16-12-5)<\/li>\n<li>Tea Cake (12,3a 14,5 56.186 \u20ac st. 53 11-11-6)<\/li>\n<li>Ballerina Luxx (15,0a 16,2 55.980 \u20ac st. 45 10-8-3) Kasvattajakruunuvoittaja<\/li>\n<li>Axel Laukko (14,2a 15,4 55.398 \u20ac st. 52 4-5-4) Kasvattajakruunu 2.<\/li>\n<li>Vixpress Li (12,1a 19,9 54.395 \u20ac st. 36 3-7-6) Kuopio Stakes-karsintavoittaja, toinen Hambossa, kolmas 3 v. Kasvattajakruunu-finaalissa<\/li>\n<li>Celebration Song (12,6a 15,0 54.385 \u20ac st. 71 23-7-8)<\/li>\n<li>Real Red (11,9a 15,7 52.807 \u20ac st. 49 13-6-6)<\/li>\n<li>Lecrosse (13,8a 15,0 50.770\u20ac st. 102 19-10-16)<\/li>\n<li>Gisela Luxi (11,6a 15,1 50.757 \u20ac st. 71 7-15-4)<\/li>\n<li>Double Boost (14,0a 14,7 50.670 \u20ac st. 44 13-4-5)<\/li>\n<li>Carleman (12,7a 15,0 49.825 \u20ac st. 62 12-7-10)<\/li>\n<li>Oadie Kemp (13,5a 16,8 48.110 \u20ac st. 88 18-8-11)<\/li>\n<li>Moon Cloud (13,5a 22,8 47.275 \u20ac st. 85 11-15-7)<\/li>\n<li>Stone Capes Nougat (12,6a 13,9 46.801 \u20ac 70 16-9-6)<\/li>\n<li>BWT Clown (12,8a 16,2 46.745 \u20ac st. 68 2-14-9)<\/li>\n<li>Nina Kemp (14,5a 15,5 46.150 \u20ac st. 130 9-7-14)<\/li>\n<li>Turponi (23,1a 25,8 45.943 \u20ac st. 108 12-11-6)<\/li>\n<li>Lovetown (12,3a 14,0 45.230 \u20ac st. 73 13-10-12)<\/li>\n<li>Lil Belinda (12,6a 14,7 44.332 \u20ac st. 70 8-8-12)<\/li>\n<li>Stanley Savage (13,4a 15,0 44.096 \u20ac st. 71 3-5-9)<\/li>\n<li>Jasulito (12,7a 17,8 42.685 \u20ac 66 8-15-9)<\/li>\n<li>Elaine Croft (13,8a 16,2 42.391 \u20ac st. 93 12-14-20)<\/li>\n<li>Rocky Kemp (14,3a 15,9 42.227 \u20ac st. 120 8-12-11)<\/li>\n<li>Rainbow Unit (14,9a 15,4 40.535 \u20ac st. 114 16-9-11)<\/li>\n<\/ul>\n<h3>4-\u00e5ringar<\/h3>\n<ul>\n<li>Graceful Swamp (12,9a 13,5 163.900 \u20ac st. 26 21-0-2) Voitti mm. Kasvattajakruunun, Biofarm Cupin SE-ajalla ja Seppeleajon<\/li>\n<li>Bosses Lady (14,0a 17,2 131.300 \u20ac st. 17 11-2-1)<\/li>\n<li>Zogo Match (13,3a 16,0 33.450 \u20ac st. 10 5-1-2)<\/li>\n<li>Leemark&#8217;s Giselle (14,2a 16,6 28.780 \u20ac st. 21 1-1-6) 2 v .Kasvattajakruunu-voittaja<\/li>\n<li>He is Felix (14,3a 16,8 18.050 \u20ac st. 18 3-1-7)<\/li>\n<li>Joyride Luxi (13,7a 18,3 16.755 \u20ac st. 13 4-5-2)<\/li>\n<li>Sahara Sandstorm (14,3a 15,8 16.452 \u20ac st. 19 5-4-1)<\/li>\n<li>Sturdy Stride (15,8a 15,6 127.600 kr st. 13 1-2-0)<\/li>\n<li>Sahara Maldonado (15,0a 17,6 11.950 \u20ac 11 1-1-2) voitti 3 v. Kasvattajakruunu-alkuer\u00e4n<\/li>\n<li>Lake&#8217;s Action (13,6a 16,4 11.300 \u20ac st. 13 2-3-2)<\/li>\n<li>MAS Credit (17,8a 17,5 105.500 kr st. 4 3-0-0)<\/li>\n<li>Cavalier (14,9a 17,8 9.850 \u20ac st. 20 5-4-1)<\/li>\n<li>Almighty Boogie (15,3a 17,7 9.742 \u20ac st. 30 1-5-3)<\/li>\n<li>Bosse Nice (16,5 9.050 \u20ac st. 6 4-1-0)<\/li>\n<li>Stonecapes Rococo (16,0a 17,0 8.450 \u20ac st. 11 1-1-2)<\/li>\n<\/ul>\n<h3>3-\u00e5ringar<\/h3>\n<ul>\n<li>Mascate Match (15,0a 17,7 35.050 \u20ac st. 5 5-0-0)<\/li>\n<li>Sahara Peyote (16,1a 17,7 27.600 \u20ac st. 8 3-1-0)<\/li>\n<li>Battle Jack (16,1a 16,8 25.300 \u20ac st. 11 1-0-1)<\/li>\n<li>Sahara True Lies (16,8a 15,4 20.250 \u20ac st. 11 1-2-3)<\/li>\n<li>India Web (16,6a 16,0 9.918 \u20ac st. 6 2-2-0)<\/li>\n<li>Tingaling (17,4a 17,7 6.153 \u20ac st. 6 1-1-0)<\/li>\n<li>Marschall Match (16,5 4.000 \u20ac st. 4 3-0-0)<\/li>\n<li>MAS Dominant (16,8 3.400 \u20ac st. 4 1-2-1)<\/li>\n<li>Rehab (18,2 1.900 \u20ac st. 4 1-1-1)<\/li>\n<\/ul>\n<p>[\/vc_column_text][\/vc_column][\/vc_row]<\/p>\n","protected":false},"excerpt":{"rendered":"<p>[vc_row][vc_column][vc_column_text] Bosses Lily (11,5a 13,2 275.212 \u20ac st. 98 25-10-12) Kriteriumvoittaja, St.Leger-voittaja, Tammakriterium 3. Kasvattajakruunu 2. Suur-Hollolan Best Princess 3. Oz Kemp (12,3a 14,7 255 580 \u20ac st. 81 19-11-7) Kasvattajakruunuvoittaja Air Force (11,5a 15,0 250 514 \u20ac st. 54 20-11-5) Suomen Mestari 2005, 2x Suur-Hollola-Ajon 2. Owen Kemp (11,8a 14,4 231.165 \u20ac st. 150<\/p>\n","protected":false},"author":1,"featured_media":0,"parent":8582,"menu_order":0,"comment_status":"closed","ping_status":"closed","template":"","meta":{"footnotes":""},"class_list":["post-8681","page","type-page","status-publish","hentry"],"yoast_head":"<!-- This site is optimized with the Yoast SEO plugin v27.2 - https:\/\/yoast.com\/product\/yoast-seo-wordpress\/ -->\n<title>Superfynd fr\u00e5n auktionen - Starinitan varsahuutokauppa<\/title>\n<meta name=\"robots\" content=\"index, follow, max-snippet:-1, max-image-preview:large, max-video-preview:-1\" \/>\n<link rel=\"canonical\" href=\"https:\/\/www.hevoshuutokaupat.fi\/sv\/info\/huippuloytoja-huutokaupasta\/\" \/>\n<meta property=\"og:locale\" content=\"sv_SE\" \/>\n<meta property=\"og:type\" content=\"article\" \/>\n<meta property=\"og:title\" content=\"Superfynd fr\u00e5n auktionen - Starinitan varsahuutokauppa\" \/>\n<meta property=\"og:description\" content=\"[vc_row][vc_column][vc_column_text] Bosses Lily (11,5a 13,2 275.212 \u20ac st. 98 25-10-12) Kriteriumvoittaja, St.Leger-voittaja, Tammakriterium 3. Kasvattajakruunu 2. Suur-Hollolan Best Princess 3. Oz Kemp (12,3a 14,7 255 580 \u20ac st. 81 19-11-7) Kasvattajakruunuvoittaja Air Force (11,5a 15,0 250 514 \u20ac st. 54 20-11-5) Suomen Mestari 2005, 2x Suur-Hollola-Ajon 2. Owen Kemp (11,8a 14,4 231.165 \u20ac st. 150\" \/>\n<meta property=\"og:url\" content=\"https:\/\/www.hevoshuutokaupat.fi\/sv\/info\/huippuloytoja-huutokaupasta\/\" \/>\n<meta property=\"og:site_name\" content=\"Starinitan varsahuutokauppa\" \/>\n<meta property=\"article:modified_time\" content=\"2019-09-11T05:22:40+00:00\" \/>\n<meta name=\"twitter:card\" content=\"summary_large_image\" \/>\n<meta name=\"twitter:label1\" content=\"Ber\u00e4knad l\u00e4stid\" \/>\n\t<meta name=\"twitter:data1\" content=\"4 minuter\" \/>\n<script type=\"application\/ld+json\" class=\"yoast-schema-graph\">{\"@context\":\"https:\/\/schema.org\",\"@graph\":[{\"@type\":\"WebPage\",\"@id\":\"https:\/\/www.hevoshuutokaupat.fi\/sv\/info\/huippuloytoja-huutokaupasta\/\",\"url\":\"https:\/\/www.hevoshuutokaupat.fi\/sv\/info\/huippuloytoja-huutokaupasta\/\",\"name\":\"Superfynd fr\u00e5n auktionen - Starinitan varsahuutokauppa\",\"isPartOf\":{\"@id\":\"https:\/\/www.hevoshuutokaupat.fi\/#website\"},\"datePublished\":\"2019-02-11T12:49:01+00:00\",\"dateModified\":\"2019-09-11T05:22:40+00:00\",\"breadcrumb\":{\"@id\":\"https:\/\/www.hevoshuutokaupat.fi\/sv\/info\/huippuloytoja-huutokaupasta\/#breadcrumb\"},\"inLanguage\":\"sv-SE\",\"potentialAction\":[{\"@type\":\"ReadAction\",\"target\":[\"https:\/\/www.hevoshuutokaupat.fi\/sv\/info\/huippuloytoja-huutokaupasta\/\"]}]},{\"@type\":\"BreadcrumbList\",\"@id\":\"https:\/\/www.hevoshuutokaupat.fi\/sv\/info\/huippuloytoja-huutokaupasta\/#breadcrumb\",\"itemListElement\":[{\"@type\":\"ListItem\",\"position\":1,\"name\":\"Etusivu\",\"item\":\"https:\/\/www.hevoshuutokaupat.fi\/sv\/\"},{\"@type\":\"ListItem\",\"position\":2,\"name\":\"Info\",\"item\":\"https:\/\/www.hevoshuutokaupat.fi\/sv\/info\/\"},{\"@type\":\"ListItem\",\"position\":3,\"name\":\"Superfynd fr\u00e5n auktionen\"}]},{\"@type\":\"WebSite\",\"@id\":\"https:\/\/www.hevoshuutokaupat.fi\/#website\",\"url\":\"https:\/\/www.hevoshuutokaupat.fi\/\",\"name\":\"Starinitan varsahuutokauppa\",\"description\":\"Perinteik\u00e4s Varsahuutokauppa j\u00e4rjestet\u00e4\u00e4n Yp\u00e4j\u00e4n Hevosopistolla perjantaina 13.9.2019 jo 22. kerran!\",\"publisher\":{\"@id\":\"https:\/\/www.hevoshuutokaupat.fi\/#organization\"},\"potentialAction\":[{\"@type\":\"SearchAction\",\"target\":{\"@type\":\"EntryPoint\",\"urlTemplate\":\"https:\/\/www.hevoshuutokaupat.fi\/?s={search_term_string}\"},\"query-input\":{\"@type\":\"PropertyValueSpecification\",\"valueRequired\":true,\"valueName\":\"search_term_string\"}}],\"inLanguage\":\"sv-SE\"},{\"@type\":\"Organization\",\"@id\":\"https:\/\/www.hevoshuutokaupat.fi\/#organization\",\"name\":\"Starinitan varsahuutokauppa\",\"url\":\"https:\/\/www.hevoshuutokaupat.fi\/\",\"logo\":{\"@type\":\"ImageObject\",\"inLanguage\":\"sv-SE\",\"@id\":\"https:\/\/www.hevoshuutokaupat.fi\/#\/schema\/logo\/image\/\",\"url\":\"https:\/\/www.hevoshuutokaupat.fi\/wp-content\/uploads\/2021\/06\/logo_white2-1.png\",\"contentUrl\":\"https:\/\/www.hevoshuutokaupat.fi\/wp-content\/uploads\/2021\/06\/logo_white2-1.png\",\"width\":328,\"height\":115,\"caption\":\"Starinitan varsahuutokauppa\"},\"image\":{\"@id\":\"https:\/\/www.hevoshuutokaupat.fi\/#\/schema\/logo\/image\/\"}}]}<\/script>\n<!-- \/ Yoast SEO plugin. -->","yoast_head_json":{"title":"Superfynd fr\u00e5n auktionen - Starinitan varsahuutokauppa","robots":{"index":"index","follow":"follow","max-snippet":"max-snippet:-1","max-image-preview":"max-image-preview:large","max-video-preview":"max-video-preview:-1"},"canonical":"https:\/\/www.hevoshuutokaupat.fi\/sv\/info\/huippuloytoja-huutokaupasta\/","og_locale":"sv_SE","og_type":"article","og_title":"Superfynd fr\u00e5n auktionen - Starinitan varsahuutokauppa","og_description":"[vc_row][vc_column][vc_column_text] Bosses Lily (11,5a 13,2 275.212 \u20ac st. 98 25-10-12) Kriteriumvoittaja, St.Leger-voittaja, Tammakriterium 3. Kasvattajakruunu 2. Suur-Hollolan Best Princess 3. Oz Kemp (12,3a 14,7 255 580 \u20ac st. 81 19-11-7) Kasvattajakruunuvoittaja Air Force (11,5a 15,0 250 514 \u20ac st. 54 20-11-5) Suomen Mestari 2005, 2x Suur-Hollola-Ajon 2. Owen Kemp (11,8a 14,4 231.165 \u20ac st. 150","og_url":"https:\/\/www.hevoshuutokaupat.fi\/sv\/info\/huippuloytoja-huutokaupasta\/","og_site_name":"Starinitan varsahuutokauppa","article_modified_time":"2019-09-11T05:22:40+00:00","twitter_card":"summary_large_image","twitter_misc":{"Ber\u00e4knad l\u00e4stid":"4 minuter"},"schema":{"@context":"https:\/\/schema.org","@graph":[{"@type":"WebPage","@id":"https:\/\/www.hevoshuutokaupat.fi\/sv\/info\/huippuloytoja-huutokaupasta\/","url":"https:\/\/www.hevoshuutokaupat.fi\/sv\/info\/huippuloytoja-huutokaupasta\/","name":"Superfynd fr\u00e5n auktionen - Starinitan varsahuutokauppa","isPartOf":{"@id":"https:\/\/www.hevoshuutokaupat.fi\/#website"},"datePublished":"2019-02-11T12:49:01+00:00","dateModified":"2019-09-11T05:22:40+00:00","breadcrumb":{"@id":"https:\/\/www.hevoshuutokaupat.fi\/sv\/info\/huippuloytoja-huutokaupasta\/#breadcrumb"},"inLanguage":"sv-SE","potentialAction":[{"@type":"ReadAction","target":["https:\/\/www.hevoshuutokaupat.fi\/sv\/info\/huippuloytoja-huutokaupasta\/"]}]},{"@type":"BreadcrumbList","@id":"https:\/\/www.hevoshuutokaupat.fi\/sv\/info\/huippuloytoja-huutokaupasta\/#breadcrumb","itemListElement":[{"@type":"ListItem","position":1,"name":"Etusivu","item":"https:\/\/www.hevoshuutokaupat.fi\/sv\/"},{"@type":"ListItem","position":2,"name":"Info","item":"https:\/\/www.hevoshuutokaupat.fi\/sv\/info\/"},{"@type":"ListItem","position":3,"name":"Superfynd fr\u00e5n auktionen"}]},{"@type":"WebSite","@id":"https:\/\/www.hevoshuutokaupat.fi\/#website","url":"https:\/\/www.hevoshuutokaupat.fi\/","name":"Starinitan varsahuutokauppa","description":"Perinteik\u00e4s Varsahuutokauppa j\u00e4rjestet\u00e4\u00e4n Yp\u00e4j\u00e4n Hevosopistolla perjantaina 13.9.2019 jo 22. kerran!","publisher":{"@id":"https:\/\/www.hevoshuutokaupat.fi\/#organization"},"potentialAction":[{"@type":"SearchAction","target":{"@type":"EntryPoint","urlTemplate":"https:\/\/www.hevoshuutokaupat.fi\/?s={search_term_string}"},"query-input":{"@type":"PropertyValueSpecification","valueRequired":true,"valueName":"search_term_string"}}],"inLanguage":"sv-SE"},{"@type":"Organization","@id":"https:\/\/www.hevoshuutokaupat.fi\/#organization","name":"Starinitan varsahuutokauppa","url":"https:\/\/www.hevoshuutokaupat.fi\/","logo":{"@type":"ImageObject","inLanguage":"sv-SE","@id":"https:\/\/www.hevoshuutokaupat.fi\/#\/schema\/logo\/image\/","url":"https:\/\/www.hevoshuutokaupat.fi\/wp-content\/uploads\/2021\/06\/logo_white2-1.png","contentUrl":"https:\/\/www.hevoshuutokaupat.fi\/wp-content\/uploads\/2021\/06\/logo_white2-1.png","width":328,"height":115,"caption":"Starinitan varsahuutokauppa"},"image":{"@id":"https:\/\/www.hevoshuutokaupat.fi\/#\/schema\/logo\/image\/"}}]}},"_links":{"self":[{"href":"https:\/\/www.hevoshuutokaupat.fi\/sv\/wp-json\/wp\/v2\/pages\/8681","targetHints":{"allow":["GET"]}}],"collection":[{"href":"https:\/\/www.hevoshuutokaupat.fi\/sv\/wp-json\/wp\/v2\/pages"}],"about":[{"href":"https:\/\/www.hevoshuutokaupat.fi\/sv\/wp-json\/wp\/v2\/types\/page"}],"author":[{"embeddable":true,"href":"https:\/\/www.hevoshuutokaupat.fi\/sv\/wp-json\/wp\/v2\/users\/1"}],"replies":[{"embeddable":true,"href":"https:\/\/www.hevoshuutokaupat.fi\/sv\/wp-json\/wp\/v2\/comments?post=8681"}],"version-history":[{"count":5,"href":"https:\/\/www.hevoshuutokaupat.fi\/sv\/wp-json\/wp\/v2\/pages\/8681\/revisions"}],"predecessor-version":[{"id":11018,"href":"https:\/\/www.hevoshuutokaupat.fi\/sv\/wp-json\/wp\/v2\/pages\/8681\/revisions\/11018"}],"up":[{"embeddable":true,"href":"https:\/\/www.hevoshuutokaupat.fi\/sv\/wp-json\/wp\/v2\/pages\/8582"}],"wp:attachment":[{"href":"https:\/\/www.hevoshuutokaupat.fi\/sv\/wp-json\/wp\/v2\/media?parent=8681"}],"curies":[{"name":"wp","href":"https:\/\/api.w.org\/{rel}","templated":true}]}}