{"id":8603,"date":"2019-04-23T09:10:32","date_gmt":"2019-04-23T06:10:32","guid":{"rendered":"https:\/\/www.hevoshuutokaupat.fi\/info\/kavijainfo\/"},"modified":"2021-06-23T10:47:03","modified_gmt":"2021-06-23T07:47:03","slug":"kavijainfo","status":"publish","type":"page","link":"https:\/\/www.hevoshuutokaupat.fi\/sv\/info\/kavijainfo\/","title":{"rendered":"Bes\u00f6karens info"},"content":{"rendered":"<p>[vc_row][vc_column width=&#8221;2\/3&#8243;][vc_column_text]<\/p>\n<h2>Auktionsdagens f\u00f6rlopp<\/h2>\n<p>Det \u00e4r alltid en f\u00f6rdel f\u00f6r k\u00f6paren att kunna titta p\u00e5 m\u00e5nga f\u00f6l samtidigt p\u00e5 samma plats och kunna bed\u00f6mma deras exteri\u00f6rer och r\u00f6relser. P\u00e5 auktionsdagen b\u00f6rjar myllret redan vid halva dagen. Uppf\u00f6darna eller deras representanter visar upp f\u00f6lena f\u00f6r intresserade p\u00e5 stallomr\u00e5det eller p\u00e5 de platser d\u00e4r f\u00f6lena kan uppvisas i r\u00f6relse.Veterin\u00e4rintyg finns till p\u00e5seende p\u00e5 f\u00f6lets boxv\u00e4gg. K\u00f6paren b\u00f6r nogrannt bekanta sig med k\u00f6pef\u00f6rem\u00e5let, veterin\u00e4rintyget i god tid f\u00f6re k\u00f6pet. Den egentliga k\u00f6petiden infaller p\u00e5 kv\u00e4llstid d\u00e5 f\u00f6len stiger in i auktionscirkeln i ordningsf\u00f6ljd.<\/p>\n<p>De auktionsbes\u00f6kare som avser k\u00f6pa f\u00f6l b\u00f6r reservera eventuell transport f\u00f6r f\u00f6let\/f\u00f6lena. Yp\u00e4j\u00e4 har erbjudit under flere \u00e5r en h\u00e4sthotelltj\u00e4nst dvs boxuthyrning \u00f6ver natten efter auktionen men d\u00e5 skall ocks\u00e5 f\u00f6let\/ f\u00f6len avh\u00e4mtas senast f\u00f6ljande f\u00f6rmiddag.<\/p>\n<h2>Ankomst till Yp\u00e4j\u00e4<\/h2>\n<p>Auktionen ordnas i Yp\u00e4j\u00e4 Hevosopisto. Transporten till auktionsomr\u00e5det och fr\u00e5n det sker med egna f\u00e4rdmedel samt p\u00e5 egen bekostnad.<\/p>\n<p><strong>Adress:<\/strong><br \/>\nVarsanojantie 63<br \/>\n32100 YP\u00c4J\u00c4<br \/>\ntel. +358 2 760 21<\/p>\n<p>Yp\u00e4j\u00e4 Hevosopisto befinner sig vid riksv\u00e4g 10, ungef\u00e4r 20 kilometer fr\u00e5n Forssa mot \u00c5bo. Avst\u00e5ndet fr\u00e5n \u00c5bo till Hevosopisto \u00e4r 75 km, fr\u00e5n Tammerfors 100 km och fr\u00e5n Helsingfors 130 km. Det finns gott om parkering p\u00e5 omr\u00e5det.[\/vc_column_text][vc_gmaps link=&#8221;#E-8_JTNDaWZyYW1lJTIwc3JjJTNEJTIyaHR0cHMlM0ElMkYlMkZ3d3cuZ29vZ2xlLmNvbSUyRm1hcHMlMkZlbWJlZCUzRnBiJTNEJTIxMW0xOCUyMTFtMTIlMjExbTMlMjExZDExMDA5LjIyMzk0NTUzODg3NSUyMTJkMjMuMjgyMDA5OTg3ODMxMDg1JTIxM2Q2MC44MDQ4ODg3OTMyNzQ2NjQlMjEybTMlMjExZjAlMjEyZjAlMjEzZjAlMjEzbTIlMjExaTEwMjQlMjEyaTc2OCUyMTRmMTMuMSUyMTNtMyUyMTFtMiUyMTFzMHg0NjhlOWZlMGFiZDIwMDM1JTI1M0EweDQ1ZmNmN2QxYWFmMmMzMDIlMjEyc1ZhcnNhbm9qYW50aWUlMkI2MyUyNTJDJTJCMzIxMDAlMkJZcCUyNUMzJTI1QTRqJTI1QzMlMjVBNCUyMTVlMCUyMTNtMiUyMTFzZmklMjEyc2ZpJTIxNHYxNTU3MjIxMTUyODM0JTIxNW0yJTIxMXNmaSUyMTJzZmklMjIlMjB3aWR0aCUzRCUyMjEwMCUyNSUyMiUyMGhlaWdodCUzRCUyMjQwMCUyMiUyMGZyYW1lYm9yZGVyJTNEJTIyMCUyMiUyMHN0eWxlJTNEJTIyYm9yZGVyJTNBMCUyMiUyMGFsbG93ZnVsbHNjcmVlbiUzRSUzQyUyRmlmcmFtZSUzRQ==&#8221;][vc_single_image image=&#8221;7786&#8243; img_size=&#8221;full&#8221; onclick=&#8221;link_image&#8221;][\/vc_column][\/vc_row][vc_row][vc_column][\/vc_column][\/vc_row]<\/p>\n","protected":false},"excerpt":{"rendered":"<p>[vc_row][vc_column width=&#8221;2\/3&#8243;][vc_column_text] Auktionsdagens f\u00f6rlopp Det \u00e4r alltid en f\u00f6rdel f\u00f6r k\u00f6paren att kunna titta p\u00e5 m\u00e5nga f\u00f6l samtidigt p\u00e5 samma plats och kunna bed\u00f6mma deras exteri\u00f6rer och r\u00f6relser. P\u00e5 auktionsdagen b\u00f6rjar myllret redan vid halva dagen. Uppf\u00f6darna eller deras representanter visar upp f\u00f6lena f\u00f6r intresserade p\u00e5 stallomr\u00e5det eller p\u00e5 de platser d\u00e4r f\u00f6lena kan uppvisas<\/p>\n","protected":false},"author":1,"featured_media":0,"parent":8582,"menu_order":0,"comment_status":"closed","ping_status":"closed","template":"","meta":{"footnotes":""},"class_list":["post-8603","page","type-page","status-publish","hentry"],"yoast_head":"<!-- This site is optimized with the Yoast SEO plugin v27.2 - https:\/\/yoast.com\/product\/yoast-seo-wordpress\/ -->\n<title>Bes\u00f6karens info - Starinitan varsahuutokauppa<\/title>\n<meta name=\"robots\" content=\"index, follow, max-snippet:-1, max-image-preview:large, max-video-preview:-1\" \/>\n<link rel=\"canonical\" href=\"https:\/\/www.hevoshuutokaupat.fi\/sv\/info\/kavijainfo\/\" \/>\n<meta property=\"og:locale\" content=\"sv_SE\" \/>\n<meta property=\"og:type\" content=\"article\" \/>\n<meta property=\"og:title\" content=\"Bes\u00f6karens info - Starinitan varsahuutokauppa\" \/>\n<meta property=\"og:description\" content=\"[vc_row][vc_column width=&#8221;2\/3&#8243;][vc_column_text] Auktionsdagens f\u00f6rlopp Det \u00e4r alltid en f\u00f6rdel f\u00f6r k\u00f6paren att kunna titta p\u00e5 m\u00e5nga f\u00f6l samtidigt p\u00e5 samma plats och kunna bed\u00f6mma deras exteri\u00f6rer och r\u00f6relser. P\u00e5 auktionsdagen b\u00f6rjar myllret redan vid halva dagen. Uppf\u00f6darna eller deras representanter visar upp f\u00f6lena f\u00f6r intresserade p\u00e5 stallomr\u00e5det eller p\u00e5 de platser d\u00e4r f\u00f6lena kan uppvisas\" \/>\n<meta property=\"og:url\" content=\"https:\/\/www.hevoshuutokaupat.fi\/sv\/info\/kavijainfo\/\" \/>\n<meta property=\"og:site_name\" content=\"Starinitan varsahuutokauppa\" \/>\n<meta property=\"article:modified_time\" content=\"2021-06-23T07:47:03+00:00\" \/>\n<meta name=\"twitter:card\" content=\"summary_large_image\" \/>\n<meta name=\"twitter:label1\" content=\"Ber\u00e4knad l\u00e4stid\" \/>\n\t<meta name=\"twitter:data1\" content=\"1 minut\" \/>\n<script type=\"application\/ld+json\" class=\"yoast-schema-graph\">{\"@context\":\"https:\/\/schema.org\",\"@graph\":[{\"@type\":\"WebPage\",\"@id\":\"https:\/\/www.hevoshuutokaupat.fi\/sv\/info\/kavijainfo\/\",\"url\":\"https:\/\/www.hevoshuutokaupat.fi\/sv\/info\/kavijainfo\/\",\"name\":\"Bes\u00f6karens info - Starinitan varsahuutokauppa\",\"isPartOf\":{\"@id\":\"https:\/\/www.hevoshuutokaupat.fi\/#website\"},\"datePublished\":\"2019-04-23T06:10:32+00:00\",\"dateModified\":\"2021-06-23T07:47:03+00:00\",\"breadcrumb\":{\"@id\":\"https:\/\/www.hevoshuutokaupat.fi\/sv\/info\/kavijainfo\/#breadcrumb\"},\"inLanguage\":\"sv-SE\",\"potentialAction\":[{\"@type\":\"ReadAction\",\"target\":[\"https:\/\/www.hevoshuutokaupat.fi\/sv\/info\/kavijainfo\/\"]}]},{\"@type\":\"BreadcrumbList\",\"@id\":\"https:\/\/www.hevoshuutokaupat.fi\/sv\/info\/kavijainfo\/#breadcrumb\",\"itemListElement\":[{\"@type\":\"ListItem\",\"position\":1,\"name\":\"Etusivu\",\"item\":\"https:\/\/www.hevoshuutokaupat.fi\/sv\/\"},{\"@type\":\"ListItem\",\"position\":2,\"name\":\"Info\",\"item\":\"https:\/\/www.hevoshuutokaupat.fi\/sv\/info\/\"},{\"@type\":\"ListItem\",\"position\":3,\"name\":\"Bes\u00f6karens info\"}]},{\"@type\":\"WebSite\",\"@id\":\"https:\/\/www.hevoshuutokaupat.fi\/#website\",\"url\":\"https:\/\/www.hevoshuutokaupat.fi\/\",\"name\":\"Starinitan varsahuutokauppa\",\"description\":\"Perinteik\u00e4s Varsahuutokauppa j\u00e4rjestet\u00e4\u00e4n Yp\u00e4j\u00e4n Hevosopistolla perjantaina 13.9.2019 jo 22. kerran!\",\"publisher\":{\"@id\":\"https:\/\/www.hevoshuutokaupat.fi\/#organization\"},\"potentialAction\":[{\"@type\":\"SearchAction\",\"target\":{\"@type\":\"EntryPoint\",\"urlTemplate\":\"https:\/\/www.hevoshuutokaupat.fi\/?s={search_term_string}\"},\"query-input\":{\"@type\":\"PropertyValueSpecification\",\"valueRequired\":true,\"valueName\":\"search_term_string\"}}],\"inLanguage\":\"sv-SE\"},{\"@type\":\"Organization\",\"@id\":\"https:\/\/www.hevoshuutokaupat.fi\/#organization\",\"name\":\"Starinitan varsahuutokauppa\",\"url\":\"https:\/\/www.hevoshuutokaupat.fi\/\",\"logo\":{\"@type\":\"ImageObject\",\"inLanguage\":\"sv-SE\",\"@id\":\"https:\/\/www.hevoshuutokaupat.fi\/#\/schema\/logo\/image\/\",\"url\":\"https:\/\/www.hevoshuutokaupat.fi\/wp-content\/uploads\/2021\/06\/logo_white2-1.png\",\"contentUrl\":\"https:\/\/www.hevoshuutokaupat.fi\/wp-content\/uploads\/2021\/06\/logo_white2-1.png\",\"width\":328,\"height\":115,\"caption\":\"Starinitan varsahuutokauppa\"},\"image\":{\"@id\":\"https:\/\/www.hevoshuutokaupat.fi\/#\/schema\/logo\/image\/\"}}]}<\/script>\n<!-- \/ Yoast SEO plugin. -->","yoast_head_json":{"title":"Bes\u00f6karens info - Starinitan varsahuutokauppa","robots":{"index":"index","follow":"follow","max-snippet":"max-snippet:-1","max-image-preview":"max-image-preview:large","max-video-preview":"max-video-preview:-1"},"canonical":"https:\/\/www.hevoshuutokaupat.fi\/sv\/info\/kavijainfo\/","og_locale":"sv_SE","og_type":"article","og_title":"Bes\u00f6karens info - Starinitan varsahuutokauppa","og_description":"[vc_row][vc_column width=&#8221;2\/3&#8243;][vc_column_text] Auktionsdagens f\u00f6rlopp Det \u00e4r alltid en f\u00f6rdel f\u00f6r k\u00f6paren att kunna titta p\u00e5 m\u00e5nga f\u00f6l samtidigt p\u00e5 samma plats och kunna bed\u00f6mma deras exteri\u00f6rer och r\u00f6relser. P\u00e5 auktionsdagen b\u00f6rjar myllret redan vid halva dagen. Uppf\u00f6darna eller deras representanter visar upp f\u00f6lena f\u00f6r intresserade p\u00e5 stallomr\u00e5det eller p\u00e5 de platser d\u00e4r f\u00f6lena kan uppvisas","og_url":"https:\/\/www.hevoshuutokaupat.fi\/sv\/info\/kavijainfo\/","og_site_name":"Starinitan varsahuutokauppa","article_modified_time":"2021-06-23T07:47:03+00:00","twitter_card":"summary_large_image","twitter_misc":{"Ber\u00e4knad l\u00e4stid":"1 minut"},"schema":{"@context":"https:\/\/schema.org","@graph":[{"@type":"WebPage","@id":"https:\/\/www.hevoshuutokaupat.fi\/sv\/info\/kavijainfo\/","url":"https:\/\/www.hevoshuutokaupat.fi\/sv\/info\/kavijainfo\/","name":"Bes\u00f6karens info - Starinitan varsahuutokauppa","isPartOf":{"@id":"https:\/\/www.hevoshuutokaupat.fi\/#website"},"datePublished":"2019-04-23T06:10:32+00:00","dateModified":"2021-06-23T07:47:03+00:00","breadcrumb":{"@id":"https:\/\/www.hevoshuutokaupat.fi\/sv\/info\/kavijainfo\/#breadcrumb"},"inLanguage":"sv-SE","potentialAction":[{"@type":"ReadAction","target":["https:\/\/www.hevoshuutokaupat.fi\/sv\/info\/kavijainfo\/"]}]},{"@type":"BreadcrumbList","@id":"https:\/\/www.hevoshuutokaupat.fi\/sv\/info\/kavijainfo\/#breadcrumb","itemListElement":[{"@type":"ListItem","position":1,"name":"Etusivu","item":"https:\/\/www.hevoshuutokaupat.fi\/sv\/"},{"@type":"ListItem","position":2,"name":"Info","item":"https:\/\/www.hevoshuutokaupat.fi\/sv\/info\/"},{"@type":"ListItem","position":3,"name":"Bes\u00f6karens info"}]},{"@type":"WebSite","@id":"https:\/\/www.hevoshuutokaupat.fi\/#website","url":"https:\/\/www.hevoshuutokaupat.fi\/","name":"Starinitan varsahuutokauppa","description":"Perinteik\u00e4s Varsahuutokauppa j\u00e4rjestet\u00e4\u00e4n Yp\u00e4j\u00e4n Hevosopistolla perjantaina 13.9.2019 jo 22. kerran!","publisher":{"@id":"https:\/\/www.hevoshuutokaupat.fi\/#organization"},"potentialAction":[{"@type":"SearchAction","target":{"@type":"EntryPoint","urlTemplate":"https:\/\/www.hevoshuutokaupat.fi\/?s={search_term_string}"},"query-input":{"@type":"PropertyValueSpecification","valueRequired":true,"valueName":"search_term_string"}}],"inLanguage":"sv-SE"},{"@type":"Organization","@id":"https:\/\/www.hevoshuutokaupat.fi\/#organization","name":"Starinitan varsahuutokauppa","url":"https:\/\/www.hevoshuutokaupat.fi\/","logo":{"@type":"ImageObject","inLanguage":"sv-SE","@id":"https:\/\/www.hevoshuutokaupat.fi\/#\/schema\/logo\/image\/","url":"https:\/\/www.hevoshuutokaupat.fi\/wp-content\/uploads\/2021\/06\/logo_white2-1.png","contentUrl":"https:\/\/www.hevoshuutokaupat.fi\/wp-content\/uploads\/2021\/06\/logo_white2-1.png","width":328,"height":115,"caption":"Starinitan varsahuutokauppa"},"image":{"@id":"https:\/\/www.hevoshuutokaupat.fi\/#\/schema\/logo\/image\/"}}]}},"_links":{"self":[{"href":"https:\/\/www.hevoshuutokaupat.fi\/sv\/wp-json\/wp\/v2\/pages\/8603","targetHints":{"allow":["GET"]}}],"collection":[{"href":"https:\/\/www.hevoshuutokaupat.fi\/sv\/wp-json\/wp\/v2\/pages"}],"about":[{"href":"https:\/\/www.hevoshuutokaupat.fi\/sv\/wp-json\/wp\/v2\/types\/page"}],"author":[{"embeddable":true,"href":"https:\/\/www.hevoshuutokaupat.fi\/sv\/wp-json\/wp\/v2\/users\/1"}],"replies":[{"embeddable":true,"href":"https:\/\/www.hevoshuutokaupat.fi\/sv\/wp-json\/wp\/v2\/comments?post=8603"}],"version-history":[{"count":8,"href":"https:\/\/www.hevoshuutokaupat.fi\/sv\/wp-json\/wp\/v2\/pages\/8603\/revisions"}],"predecessor-version":[{"id":16462,"href":"https:\/\/www.hevoshuutokaupat.fi\/sv\/wp-json\/wp\/v2\/pages\/8603\/revisions\/16462"}],"up":[{"embeddable":true,"href":"https:\/\/www.hevoshuutokaupat.fi\/sv\/wp-json\/wp\/v2\/pages\/8582"}],"wp:attachment":[{"href":"https:\/\/www.hevoshuutokaupat.fi\/sv\/wp-json\/wp\/v2\/media?parent=8603"}],"curies":[{"name":"wp","href":"https:\/\/api.w.org\/{rel}","templated":true}]}}