{"id":8594,"date":"2019-04-23T09:08:08","date_gmt":"2019-04-23T06:08:08","guid":{"rendered":"https:\/\/www.hevoshuutokaupat.fi\/info\/huutokauppaehdot\/"},"modified":"2025-03-07T14:56:11","modified_gmt":"2025-03-07T12:56:11","slug":"huutokauppaehdot","status":"publish","type":"page","link":"https:\/\/www.hevoshuutokaupat.fi\/sv\/info\/huutokauppaehdot\/","title":{"rendered":"Auktionsvillkor"},"content":{"rendered":"<p>[vc_row][vc_column][vc_column_text]<\/p>\n<h2>Auktionsvillkor<\/h2>\n<p>Auktionen ordnas av Starinita Oy.<\/p>\n<h3>Allm\u00e4nt<\/h3>\n<p>Alla h\u00e4stars grundpris \u00e4r 1000 e. M\u00e4klaren har \u00e4nd\u00e5 r\u00e4tt att be om h\u00f6gre grundpris f\u00f6r att snabba p\u00e5 auktionen. F\u00f6rs\u00e4ljningen sker med 250 e h\u00f6jningsutrop till 5000e, d\u00e4rifr\u00e5n upp\u00e5t med 500 e h\u00f6jningsutrop. M\u00e4klaren har r\u00e4tt att be om 1000e f\u00f6rh\u00f6jningar f\u00f6r att snabba p\u00e5 auktionen. Andra som de f\u00f6reg\u00e5ende utropningsbuden (s\u00e5na som m\u00e4klaren bett om eller normala f\u00f6rh\u00f6jningar) godk\u00e4nns inte. P\u00e5 den slutliga utropssumman kommer kontorets expeditionsavgift p\u00e5 30 e (inneh\u00e5ller moms), 2% auktionsprovision samt moms. Kontorsavgiften betalar antingen k\u00f6paren eller inroparen.<\/p>\n<p>S\u00e4ljaren ansvarar f\u00f6r uppgifterna om h\u00e4sten samt f\u00f6r utgifterna f\u00f6r h\u00e4sten tills auktionsf\u00f6r\u00e4ttarens klubbslag, efter det ansvarar k\u00f6paren f\u00f6r utgifterna. S\u00e4ljaren ansvarar f\u00f6r h\u00e4stens \u00f6verl\u00e5telse. S\u00e4ljaren skall f\u00f6re han\/hon avl\u00e4gsnar sig fr\u00e5n auktionsplatsen kolla fr\u00e5n auktionskontoret att h\u00e4sten \u00e4r betald och att k\u00f6paren ordnat med transport av h\u00e4sten fr\u00e5n auktionsomr\u00e5det eller reserverat hotelltj\u00e4nst f\u00f6r den.<\/p>\n<p>F\u00f6rs\u00e4ljningen sker i nummerordning enligt auktionskatalogen. Om det h\u00f6gsta budet annuleras eller om det \u00e4r n\u00e5gonting oklart med det kan h\u00e4sten med Starinita Oy:s beslut p\u00e5 nytt utbjudas till f\u00f6rs\u00e4ljning. K\u00f6paren skall skriva under ett bindande auktionsavtal direkt efter det vinnande utropet samt direkt g\u00e5 till auktionskontoret och betala h\u00e4sten.<\/p>\n<p>Transporterna till auktionsplatsen och d\u00e4rifr\u00e5n sker med egna transportmedel och p\u00e5 egen bekostnad. Starinita Oy ansvarar inte f\u00f6r eventuella fel i auktionskatalogen och inte heller f\u00f6r m\u00f6jliga skador p\u00e5 h\u00e4star som h\u00e4mtats till auktionen eller f\u00f6r skador som m\u00f6jligen uppkommer p\u00e5 h\u00e4starna under auktionen eller i auktionsutrymmena. Om skador uppkommer p\u00e5 h\u00e4sten under natten d\u00e5 hotelltj\u00e4nsten anlitas eller d\u00e5 den f\u00f6rs till hotelltj\u00e4nstens utrymmen s\u00e5 ansvarar inte Starinita Oy f\u00f6r s\u00e5dana eventuella skador. Det l\u00f6nar sig f\u00f6r \u00e4garen att f\u00f6rs\u00e4kra h\u00e4sten\/h\u00e4starna.<\/p>\n<h3>H\u00e4stens skick<\/h3>\n<p>H\u00e4starna s\u00e4ljs i det skick de \u00e4r i under f\u00f6rs\u00e4ljningsmomentet. K\u00f6paren \u00e4r skyldig att granska h\u00e4sten f\u00f6re den g\u00e5r in i auktionsringen. Starinita Oy f\u00f6ruts\u00e4tter att h\u00e4starna har med veterin\u00e4rintyg som inte \u00e4r \u00e4ldre \u00e4n 2 veckor (14 dagar). Vi rekommenderar att r\u00f6ntga f\u00f6lena vilkas pris f\u00f6rv\u00e4ntas \u00f6verstiga 5000 e.<\/p>\n<p>Starinita Oy f\u00f6rbeh\u00e5ller sig r\u00e4tten att f\u00f6rbjuda en h\u00e4st att delta i auktionen som har sjukdomssymptom eller inte \u00e4r hanterbar eller annars i allm\u00e4nt d\u00e5ligt skick.<\/p>\n<h2><strong>Arrang\u00f6rens och s\u00e4ljarens f\u00f6rh\u00e5llande<\/strong><\/h2>\n<p>S\u00e4ljaren ansvarar f\u00f6r alla uppgifter om hans\/hennes h\u00e4st. Registreringsbevis, veterin\u00e4rintyg och \u00e4garbyteblankett ifylld med s\u00e4ljarens uppgifter skall \u00f6verl\u00e5tas \u00e5t Starinita Oy i samband med anm\u00e4lan p\u00e5 auktionsplatsen. S\u00e4ljaren svarar f\u00f6r Starinita Oy att h\u00e4sten inte \u00f6verl\u00e5tes f\u00f6re den f\u00e5tt \u00f6verl\u00e5telseintyg.<\/p>\n<p>Av de h\u00e4star som s\u00e4ljs under auktionen reduceras f\u00f6rs\u00e4ljningsprovisionen och denh\u00e4r summan redovisas till s\u00e4ljaren senast en m\u00e5nad efter auktionen.<\/p>\n<p>Auktionen kan flyttas med Starinita Oy:s beslut i s\u00e5 kallade force majeur fall som strejk, krig, farosot eller naturkatastrof som inte kan handlas av arrang\u00f6ren. Om inte en ny auktion kan h\u00e5llas inom tv\u00e5 m\u00e5nader s\u00e5 g\u00e4ller inte auktionsavtalen mellan de olika parterna.<\/p>\n<h3>Anm\u00e4lan och f\u00f6rs\u00e4ljningsprovision<\/h3>\n<p>Anm\u00e4lningsavgiften \u00e4r f\u00f6r SHKL:s och SRHK:s medlemmar 250 e (+ moms) och av andra 300 e (+ moms). Samma s\u00e4ljares var fj\u00e4rde h\u00e4st tas till auktionsf\u00f6rs\u00e4ljningen utan anm\u00e4lningsavgift. Anm\u00e4lningsavgiften debiteras efter auktionen.<\/p>\n<p>Om h\u00e4sten uteblir fr\u00e5n auktionen debiteras inte anm\u00e4lningsavgiften endast i det fall att h\u00e4sten avlidit. Om bortfallet beg\u00e5s med ett veterin\u00e4rintyg godk\u00e4nt av arrang\u00f6ren debiteras av s\u00e4ljaren 200e plus moms. Om h\u00e4sten uteblir av annan orsak utan arrang\u00f6rens godk\u00e4nnande debiteras s\u00e4ljaren 1000 e plus moms. Om h\u00e4sten uteblir evenemanget under auktionsveckan (m\u00e5n-fre) utan veterin\u00e4rintyg debiteras 2 000 euro + moms f\u00f6r fr\u00e5nvaron ut\u00f6ver anm\u00e4lningsavgiften.Starinita Oy har dessutom r\u00e4tt att utesluta uppf\u00f6darens h\u00e4star i forts\u00e4ttningen i de auktioner som arrangeras av Starinita Oy i fall oegentligheter uppdagas.<\/p>\n<p>H\u00e4starnas grundpris \u00e4r 1000 e. F\u00f6rs\u00e4ljningsprovisionen bildas p\u00e5 f\u00f6ljande s\u00e4tt: p\u00e5 priser mellan 1000-5000 e erh\u00e5lls en provision p\u00e5 6 % plus moms. F\u00f6r h\u00f6gre priser mellan 5001-10 000 e erh\u00e5lls 4 % plus moms, och f\u00f6r priser \u00f6ver 10 000 e 2 % plus moms. I de fall h\u00e4sten inropas \u00e4r auktionsprovisionen 5 % plus\u00a0 moms eller minst 100 e f\u00f6r priser mellan 1000-5000 e, 3,5 % plus moms f\u00f6r priser mellan 1000-5000 e och 1,5 % plus\u00a0 moms for priser 10 000 e \u00f6verskridna del.\u00a0 Ifall det inte kommer ett enda bud p\u00e5 1000 e grundpris s\u00e5 debiteras ingen provision.<\/p>\n<p>F\u00f6r h\u00e4stens k\u00f6pare kommer till priset f\u00f6rutom momsen ocks\u00e5 auktionskontorets expeditionsavgift p\u00e5 30 e (inneh\u00e5ller moms) plus 2% (plus moms ) storleks kommission till Starinita Oy. Om h\u00e4sten har k\u00f6pt fr\u00e5n TR Auktion det kommer extra 2 % (+ moms) avgift.<\/p>\n<h2><strong>S\u00e4ljaren och k\u00f6parens f\u00f6rh\u00e5llande<\/strong><\/h2>\n<p>H\u00e4stens skick och reklamationer.M\u00f6jliga reklamationer och oklarheter mellan parterna skall g\u00f6ras upp mellan k\u00f6paren och s\u00e4ljaren. Starinita Oy fr\u00e5ns\u00e4ger sig allt ansvar g\u00e4llande felaktiga uppgifter om h\u00e4starna som kommit till f\u00f6rs\u00e4ljning. Om k\u00f6paren vill v\u00e4dja till veterin\u00e4rintyget b\u00f6r h\u00e4sten unders\u00f6kas p\u00e5 nytt inom 10 dagar efter auktionen.Ifall h\u00e4sten returneras betalar k\u00f6paren dess transport till s\u00e4ljarens stall. \u00c4ven \u00f6vriga kostnader som uppkommit efter auktionsf\u00f6r\u00e4ttarens klubbslag tillkommer k\u00f6paren.<\/p>\n<p>S\u00e4ljaren ansvarar inte f\u00f6r smittosamma sjukdomar till andra h\u00e4star eller f\u00f6r skador p\u00e5 m\u00e4nniskor under auktionsf\u00f6r\u00e4ttningen om han\/hon inte noterat sjukdom fast\u00e4n han\/hon borde ha noterat d\u00e5 han\/hon noggrant granskat h\u00e4sten f\u00f6re.<\/p>\n<p>K\u00f6paren vet att auktionskatalogens uppgifter kan kompletteras genom kung\u00f6relse eller information under auktionstillf\u00e4llet. En s\u00e5danh\u00e4r information skall noteras av k\u00f6paren.<\/p>\n<h2><strong>K\u00f6parens och arrang\u00f6rens f\u00f6rh\u00e5llande<\/strong><\/h2>\n<h3>Betalningsvillkor<\/h3>\n<p>F\u00f6rs\u00e4ljningen sker mot handpenning ifall annat inte skilt och i f\u00f6rhand kommits \u00f6verens om.<\/p>\n<p>K\u00f6paren \u00e4r skyldig att teckna\/h\u00e5lla i kraft h\u00e4stens f\u00f6rs\u00e4kring tills hela k\u00f6pesumman \u00e4r betald.Handpenningen \u00e4r 10% av k\u00f6pesumman eller minst 500 e.<\/p>\n<p>Om ett skuldavtal \u00e4r undertecknat men h\u00e4sten inte \u00e4r betald senast 7 dagar inom den \u00f6verenskomna betalningsdagen har s\u00e4ljaren r\u00e4tt att demontera aff\u00e4ren. Ifall aff\u00e4ren demonteras \u00e5terbetalas inte den betalda handpenningen.<\/p>\n<h3>\u00c4gander\u00e4ttens bevarande<\/h3>\n<p>S\u00e4ljaren beh\u00e5ller r\u00e4ttigheten att h\u00e5lla h\u00e4sten i sitt innehav tills hela k\u00f6pesumman \u00e4r betald. H\u00e4sten \u00f6verl\u00e5ts inte innan hela summan \u00e4r betald eller man kommit \u00f6verens om skulden.<\/p>\n<h3>H\u00e4mtande av h\u00e4sten<\/h3>\n<p>K\u00f6paren har r\u00e4tt att s\u00f6ka h\u00e4sten genom att uppvisa \u00f6verl\u00e4mmningsbeviset. S\u00e5som tidigare n\u00e4mdes s\u00e5 \u00f6verg\u00e5r ansvaret till k\u00f6paren efter auktionsf\u00f6r\u00e4ttarens klubbslag.<\/p>\n<h3>Utl\u00e4ndska k\u00f6pare<\/h3>\n<p>Ifall det finns utl\u00e4ndska k\u00f6pare s\u00e5 kommer Starinita Oy \u00f6verens med dem fallvis. Auktionsarrang\u00f6rerna hj\u00e4lper med att skaffa exportcertifikat samt med andra \u00e4renden g\u00e4llande exporten mot rimlig bel\u00f6ning.<\/p>\n<p><em>uppdaterats 7.3.2025<\/em>[\/vc_column_text][\/vc_column][\/vc_row]<\/p>\n","protected":false},"excerpt":{"rendered":"<p>[vc_row][vc_column][vc_column_text] Auktionsvillkor Auktionen ordnas av Starinita Oy. Allm\u00e4nt Alla h\u00e4stars grundpris \u00e4r 1000 e. M\u00e4klaren har \u00e4nd\u00e5 r\u00e4tt att be om h\u00f6gre grundpris f\u00f6r att snabba p\u00e5 auktionen. F\u00f6rs\u00e4ljningen sker med 250 e h\u00f6jningsutrop till 5000e, d\u00e4rifr\u00e5n upp\u00e5t med 500 e h\u00f6jningsutrop. M\u00e4klaren har r\u00e4tt att be om 1000e f\u00f6rh\u00f6jningar f\u00f6r att snabba p\u00e5 auktionen.<\/p>\n","protected":false},"author":1,"featured_media":0,"parent":8582,"menu_order":0,"comment_status":"closed","ping_status":"closed","template":"","meta":{"footnotes":""},"class_list":["post-8594","page","type-page","status-publish","hentry"],"yoast_head":"<!-- This site is optimized with the Yoast SEO plugin v27.2 - https:\/\/yoast.com\/product\/yoast-seo-wordpress\/ -->\n<title>Auktionsvillkor - Starinitan varsahuutokauppa<\/title>\n<meta name=\"robots\" content=\"index, follow, max-snippet:-1, max-image-preview:large, max-video-preview:-1\" \/>\n<link rel=\"canonical\" href=\"https:\/\/www.hevoshuutokaupat.fi\/sv\/info\/huutokauppaehdot\/\" \/>\n<meta property=\"og:locale\" content=\"sv_SE\" \/>\n<meta property=\"og:type\" content=\"article\" \/>\n<meta property=\"og:title\" content=\"Auktionsvillkor - Starinitan varsahuutokauppa\" \/>\n<meta property=\"og:description\" content=\"[vc_row][vc_column][vc_column_text] Auktionsvillkor Auktionen ordnas av Starinita Oy. Allm\u00e4nt Alla h\u00e4stars grundpris \u00e4r 1000 e. M\u00e4klaren har \u00e4nd\u00e5 r\u00e4tt att be om h\u00f6gre grundpris f\u00f6r att snabba p\u00e5 auktionen. F\u00f6rs\u00e4ljningen sker med 250 e h\u00f6jningsutrop till 5000e, d\u00e4rifr\u00e5n upp\u00e5t med 500 e h\u00f6jningsutrop. M\u00e4klaren har r\u00e4tt att be om 1000e f\u00f6rh\u00f6jningar f\u00f6r att snabba p\u00e5 auktionen.\" \/>\n<meta property=\"og:url\" content=\"https:\/\/www.hevoshuutokaupat.fi\/sv\/info\/huutokauppaehdot\/\" \/>\n<meta property=\"og:site_name\" content=\"Starinitan varsahuutokauppa\" \/>\n<meta property=\"article:modified_time\" content=\"2025-03-07T12:56:11+00:00\" \/>\n<meta name=\"twitter:card\" content=\"summary_large_image\" \/>\n<meta name=\"twitter:label1\" content=\"Ber\u00e4knad l\u00e4stid\" \/>\n\t<meta name=\"twitter:data1\" content=\"6 minuter\" \/>\n<script type=\"application\/ld+json\" class=\"yoast-schema-graph\">{\"@context\":\"https:\/\/schema.org\",\"@graph\":[{\"@type\":\"WebPage\",\"@id\":\"https:\/\/www.hevoshuutokaupat.fi\/sv\/info\/huutokauppaehdot\/\",\"url\":\"https:\/\/www.hevoshuutokaupat.fi\/sv\/info\/huutokauppaehdot\/\",\"name\":\"Auktionsvillkor - Starinitan varsahuutokauppa\",\"isPartOf\":{\"@id\":\"https:\/\/www.hevoshuutokaupat.fi\/#website\"},\"datePublished\":\"2019-04-23T06:08:08+00:00\",\"dateModified\":\"2025-03-07T12:56:11+00:00\",\"breadcrumb\":{\"@id\":\"https:\/\/www.hevoshuutokaupat.fi\/sv\/info\/huutokauppaehdot\/#breadcrumb\"},\"inLanguage\":\"sv-SE\",\"potentialAction\":[{\"@type\":\"ReadAction\",\"target\":[\"https:\/\/www.hevoshuutokaupat.fi\/sv\/info\/huutokauppaehdot\/\"]}]},{\"@type\":\"BreadcrumbList\",\"@id\":\"https:\/\/www.hevoshuutokaupat.fi\/sv\/info\/huutokauppaehdot\/#breadcrumb\",\"itemListElement\":[{\"@type\":\"ListItem\",\"position\":1,\"name\":\"Etusivu\",\"item\":\"https:\/\/www.hevoshuutokaupat.fi\/sv\/\"},{\"@type\":\"ListItem\",\"position\":2,\"name\":\"Info\",\"item\":\"https:\/\/www.hevoshuutokaupat.fi\/sv\/info\/\"},{\"@type\":\"ListItem\",\"position\":3,\"name\":\"Auktionsvillkor\"}]},{\"@type\":\"WebSite\",\"@id\":\"https:\/\/www.hevoshuutokaupat.fi\/#website\",\"url\":\"https:\/\/www.hevoshuutokaupat.fi\/\",\"name\":\"Starinitan varsahuutokauppa\",\"description\":\"Perinteik\u00e4s Varsahuutokauppa j\u00e4rjestet\u00e4\u00e4n Yp\u00e4j\u00e4n Hevosopistolla perjantaina 13.9.2019 jo 22. kerran!\",\"publisher\":{\"@id\":\"https:\/\/www.hevoshuutokaupat.fi\/#organization\"},\"potentialAction\":[{\"@type\":\"SearchAction\",\"target\":{\"@type\":\"EntryPoint\",\"urlTemplate\":\"https:\/\/www.hevoshuutokaupat.fi\/?s={search_term_string}\"},\"query-input\":{\"@type\":\"PropertyValueSpecification\",\"valueRequired\":true,\"valueName\":\"search_term_string\"}}],\"inLanguage\":\"sv-SE\"},{\"@type\":\"Organization\",\"@id\":\"https:\/\/www.hevoshuutokaupat.fi\/#organization\",\"name\":\"Starinitan varsahuutokauppa\",\"url\":\"https:\/\/www.hevoshuutokaupat.fi\/\",\"logo\":{\"@type\":\"ImageObject\",\"inLanguage\":\"sv-SE\",\"@id\":\"https:\/\/www.hevoshuutokaupat.fi\/#\/schema\/logo\/image\/\",\"url\":\"https:\/\/www.hevoshuutokaupat.fi\/wp-content\/uploads\/2021\/06\/logo_white2-1.png\",\"contentUrl\":\"https:\/\/www.hevoshuutokaupat.fi\/wp-content\/uploads\/2021\/06\/logo_white2-1.png\",\"width\":328,\"height\":115,\"caption\":\"Starinitan varsahuutokauppa\"},\"image\":{\"@id\":\"https:\/\/www.hevoshuutokaupat.fi\/#\/schema\/logo\/image\/\"}}]}<\/script>\n<!-- \/ Yoast SEO plugin. -->","yoast_head_json":{"title":"Auktionsvillkor - Starinitan varsahuutokauppa","robots":{"index":"index","follow":"follow","max-snippet":"max-snippet:-1","max-image-preview":"max-image-preview:large","max-video-preview":"max-video-preview:-1"},"canonical":"https:\/\/www.hevoshuutokaupat.fi\/sv\/info\/huutokauppaehdot\/","og_locale":"sv_SE","og_type":"article","og_title":"Auktionsvillkor - Starinitan varsahuutokauppa","og_description":"[vc_row][vc_column][vc_column_text] Auktionsvillkor Auktionen ordnas av Starinita Oy. Allm\u00e4nt Alla h\u00e4stars grundpris \u00e4r 1000 e. M\u00e4klaren har \u00e4nd\u00e5 r\u00e4tt att be om h\u00f6gre grundpris f\u00f6r att snabba p\u00e5 auktionen. F\u00f6rs\u00e4ljningen sker med 250 e h\u00f6jningsutrop till 5000e, d\u00e4rifr\u00e5n upp\u00e5t med 500 e h\u00f6jningsutrop. M\u00e4klaren har r\u00e4tt att be om 1000e f\u00f6rh\u00f6jningar f\u00f6r att snabba p\u00e5 auktionen.","og_url":"https:\/\/www.hevoshuutokaupat.fi\/sv\/info\/huutokauppaehdot\/","og_site_name":"Starinitan varsahuutokauppa","article_modified_time":"2025-03-07T12:56:11+00:00","twitter_card":"summary_large_image","twitter_misc":{"Ber\u00e4knad l\u00e4stid":"6 minuter"},"schema":{"@context":"https:\/\/schema.org","@graph":[{"@type":"WebPage","@id":"https:\/\/www.hevoshuutokaupat.fi\/sv\/info\/huutokauppaehdot\/","url":"https:\/\/www.hevoshuutokaupat.fi\/sv\/info\/huutokauppaehdot\/","name":"Auktionsvillkor - Starinitan varsahuutokauppa","isPartOf":{"@id":"https:\/\/www.hevoshuutokaupat.fi\/#website"},"datePublished":"2019-04-23T06:08:08+00:00","dateModified":"2025-03-07T12:56:11+00:00","breadcrumb":{"@id":"https:\/\/www.hevoshuutokaupat.fi\/sv\/info\/huutokauppaehdot\/#breadcrumb"},"inLanguage":"sv-SE","potentialAction":[{"@type":"ReadAction","target":["https:\/\/www.hevoshuutokaupat.fi\/sv\/info\/huutokauppaehdot\/"]}]},{"@type":"BreadcrumbList","@id":"https:\/\/www.hevoshuutokaupat.fi\/sv\/info\/huutokauppaehdot\/#breadcrumb","itemListElement":[{"@type":"ListItem","position":1,"name":"Etusivu","item":"https:\/\/www.hevoshuutokaupat.fi\/sv\/"},{"@type":"ListItem","position":2,"name":"Info","item":"https:\/\/www.hevoshuutokaupat.fi\/sv\/info\/"},{"@type":"ListItem","position":3,"name":"Auktionsvillkor"}]},{"@type":"WebSite","@id":"https:\/\/www.hevoshuutokaupat.fi\/#website","url":"https:\/\/www.hevoshuutokaupat.fi\/","name":"Starinitan varsahuutokauppa","description":"Perinteik\u00e4s Varsahuutokauppa j\u00e4rjestet\u00e4\u00e4n Yp\u00e4j\u00e4n Hevosopistolla perjantaina 13.9.2019 jo 22. kerran!","publisher":{"@id":"https:\/\/www.hevoshuutokaupat.fi\/#organization"},"potentialAction":[{"@type":"SearchAction","target":{"@type":"EntryPoint","urlTemplate":"https:\/\/www.hevoshuutokaupat.fi\/?s={search_term_string}"},"query-input":{"@type":"PropertyValueSpecification","valueRequired":true,"valueName":"search_term_string"}}],"inLanguage":"sv-SE"},{"@type":"Organization","@id":"https:\/\/www.hevoshuutokaupat.fi\/#organization","name":"Starinitan varsahuutokauppa","url":"https:\/\/www.hevoshuutokaupat.fi\/","logo":{"@type":"ImageObject","inLanguage":"sv-SE","@id":"https:\/\/www.hevoshuutokaupat.fi\/#\/schema\/logo\/image\/","url":"https:\/\/www.hevoshuutokaupat.fi\/wp-content\/uploads\/2021\/06\/logo_white2-1.png","contentUrl":"https:\/\/www.hevoshuutokaupat.fi\/wp-content\/uploads\/2021\/06\/logo_white2-1.png","width":328,"height":115,"caption":"Starinitan varsahuutokauppa"},"image":{"@id":"https:\/\/www.hevoshuutokaupat.fi\/#\/schema\/logo\/image\/"}}]}},"_links":{"self":[{"href":"https:\/\/www.hevoshuutokaupat.fi\/sv\/wp-json\/wp\/v2\/pages\/8594","targetHints":{"allow":["GET"]}}],"collection":[{"href":"https:\/\/www.hevoshuutokaupat.fi\/sv\/wp-json\/wp\/v2\/pages"}],"about":[{"href":"https:\/\/www.hevoshuutokaupat.fi\/sv\/wp-json\/wp\/v2\/types\/page"}],"author":[{"embeddable":true,"href":"https:\/\/www.hevoshuutokaupat.fi\/sv\/wp-json\/wp\/v2\/users\/1"}],"replies":[{"embeddable":true,"href":"https:\/\/www.hevoshuutokaupat.fi\/sv\/wp-json\/wp\/v2\/comments?post=8594"}],"version-history":[{"count":8,"href":"https:\/\/www.hevoshuutokaupat.fi\/sv\/wp-json\/wp\/v2\/pages\/8594\/revisions"}],"predecessor-version":[{"id":29534,"href":"https:\/\/www.hevoshuutokaupat.fi\/sv\/wp-json\/wp\/v2\/pages\/8594\/revisions\/29534"}],"up":[{"embeddable":true,"href":"https:\/\/www.hevoshuutokaupat.fi\/sv\/wp-json\/wp\/v2\/pages\/8582"}],"wp:attachment":[{"href":"https:\/\/www.hevoshuutokaupat.fi\/sv\/wp-json\/wp\/v2\/media?parent=8594"}],"curies":[{"name":"wp","href":"https:\/\/api.w.org\/{rel}","templated":true}]}}