{"id":8695,"date":"2019-04-26T09:14:43","date_gmt":"2019-04-26T06:14:43","guid":{"rendered":"https:\/\/www.hevoshuutokaupat.fi\/info\/ilmoita-internethuutokauppaan\/"},"modified":"2020-03-26T11:08:21","modified_gmt":"2020-03-26T09:08:21","slug":"ilmoita-internethuutokauppaan","status":"publish","type":"page","link":"https:\/\/www.hevoshuutokaupat.fi\/en\/info\/ilmoita-internethuutokauppaan\/","title":{"rendered":"Internet auction"},"content":{"rendered":"<p>[vc_row][vc_column width=&#8221;2\/3&#8243;][vc_column_text]<\/p>\n<h2>Application of items to the Internet auction<\/h2>\n<p>Give a precise and truthful description about the auction item. The information you give is used as such in the advertisement.<\/p>\n<p><strong>At first take a close view of the <a href=\"https:\/\/www.hevoshuutokaupat.fi\/en\/info\/internethuutokaupan-ehdot\/\">terms of auction<\/a>.<\/strong><\/p>\n<h2>Registration fee<\/h2>\n<ul>\n<li>\u00bb 75 \u20ac (24% VAT included) per item<\/li>\n<li>\u00bb 50 \u20ac (24% VAT included) for a member of SHKL or SRHK<\/li>\n<li>\u00bb <em>You can buy a statement of the horse\u2019s genealogy (<a href=\"https:\/\/www.hevoshuutokaupat.fi\/wp-content\/uploads\/2019\/05\/1_TosiKirma1.pdf\">example site here<\/a>) from Starinita Oy. It\u2019s voluntary extra service and costs 75 \u20ac (VAT incl.) per horse. It is especially recommendable to horses registered abroad.<\/em><\/li>\n<\/ul>\n<p>Pay the registration fee to the bank account of Starinita Oy FI77 5297 0241 97 <strong>when you register your items<\/strong>. It&#8217;s also recommended to attach payment receipt into same email with the application.<\/p>\n<p>Write following issues to the message field: Internet auction, the name of the horse (or others items you want to sell).<\/p>\n<p>Registration fee is debited, although the item would be withdrawn from the auction.<\/p>\n<p><strong>ATTENTION! If you sell a stallion share:<\/strong><br \/>Write detailed information about the item in the sellers&#8217; comments. E.g. veterinary costs, transport costs etc. that are not included in the share and remain to be paid by the buyer in addition to the auction price.<\/p>\n<h2>Application<\/h2>\n<p>E-mail to the address: toimisto@shkl.net<\/p>\n<h3>The horse in sale:<\/h3>\n<ul>\n<li>\u00bb Name of the horse<\/li>\n<li>\u00bb Gender<\/li>\n<li>\u00bb Registration number<\/li>\n<li>\u00bb Pedigree (sire &#8211; dam &#8211; dam&#8217;s sire)<\/li>\n<li>\u00bb The seller\u2019s comment: <em>Include all significant details of the sales item. Also tell if the horse is staying elsewhere than in the owner\u2019s address. Information you give is used in the advertisement as such.<\/em><\/li>\n<li>\u00bb Does the selling price include VAT?<\/li>\n<li>\u00bb Sales period (1-7 days), starting price and the minimum raise of your choice.<\/li>\n<\/ul>\n<p>Enclose to the e-mail a photo\/photos of the horse and potential veterinary certificate or pregnancy certificate of a broodmare (pdf).<\/p>\n<h3>Other sales items:<\/h3>\n<p>Give a precise and truthful description about the item and send photos by e-mail. Inform if the price includes VAT. You can choose, as well as with horses, sales period, starting price and minimum raise to the item.<\/p>\n<h3>Contact information for the sellers:<\/h3>\n<ul>\n<li>\u00bb Name<\/li>\n<li>\u00bb VAT ID, if you are liable to VAT<\/li>\n<li>\u00bb Street address, postcode and post office<\/li>\n<li>\u00bb Phone number<\/li>\n<li>\u00bb E-mail address<\/li>\n<li>\u00bb Are you a member of SHKL or SRHK? <em>(Also mention if you are interested to become a member. Members get discount for the registration fee.)<\/em><\/li>\n<li>\u00bb Remember to create your own account to the auction site (<a style=\"font-size: 1rem;\" href=\"https:\/\/auction.hevoshuutokaupat.fi\/login\">link to the site<\/a><span style=\"font-size: 1rem;\">)<\/span><\/li>\n<\/ul>\n<p>By sending a form of application I assure that I am familiar with the auction terms (<a href=\"https:\/\/www.hevoshuutokaupat.fi\/en\/info\/internethuutokaupan-ehdot\/\">link here<\/a>).<\/p>\n<p><strong>Both the buyers and the sellers should create accounts to <a href=\"http:\/\/auction.hevoshuutokaupat.fi\">auction.hevoshuutokaupat.fi<\/a> -site. Registration is free.<\/strong><\/p>\n<h2>Further information and contacts:<\/h2>\n<p>Suomen Hevosenomistajien Keskusliitto ry<br \/>Jokimaankatu 6 A, 15700 Lahti<br \/><span style=\"font-size: 1rem;\">p. +358 40 502 4987<br \/><\/span><span style=\"font-size: 1rem;\">p. +358 3 734 2281 (9:00-15:00)<\/span><br \/>email: toimisto@shkl.net<\/p>\n<p>[\/vc_column_text][\/vc_column][vc_column width=&#8221;1\/3&#8243;][\/vc_column][\/vc_row]<\/p>\n","protected":false},"excerpt":{"rendered":"<p>[vc_row][vc_column width=&#8221;2\/3&#8243;][vc_column_text] Application of items to the Internet auction Give a precise and truthful description about the auction item. The information you give is used as such in the advertisement. At first take a close view of the terms of auction. Registration fee \u00bb 75 \u20ac (24% VAT included) per item \u00bb 50 \u20ac (24%<\/p>\n","protected":false},"author":1,"featured_media":0,"parent":8581,"menu_order":0,"comment_status":"closed","ping_status":"closed","template":"","meta":{"footnotes":""},"class_list":["post-8695","page","type-page","status-publish","hentry"],"yoast_head":"<!-- This site is optimized with the Yoast SEO plugin v27.2 - https:\/\/yoast.com\/product\/yoast-seo-wordpress\/ -->\n<title>Internet auction - Starinitan varsahuutokauppa<\/title>\n<meta name=\"robots\" content=\"index, follow, max-snippet:-1, max-image-preview:large, max-video-preview:-1\" \/>\n<link rel=\"canonical\" href=\"https:\/\/www.hevoshuutokaupat.fi\/en\/info\/ilmoita-internethuutokauppaan\/\" \/>\n<meta property=\"og:locale\" content=\"en_US\" \/>\n<meta property=\"og:type\" content=\"article\" \/>\n<meta property=\"og:title\" content=\"Internet auction - Starinitan varsahuutokauppa\" \/>\n<meta property=\"og:description\" content=\"[vc_row][vc_column width=&#8221;2\/3&#8243;][vc_column_text] Application of items to the Internet auction Give a precise and truthful description about the auction item. The information you give is used as such in the advertisement. At first take a close view of the terms of auction. Registration fee \u00bb 75 \u20ac (24% VAT included) per item \u00bb 50 \u20ac (24%\" \/>\n<meta property=\"og:url\" content=\"https:\/\/www.hevoshuutokaupat.fi\/en\/info\/ilmoita-internethuutokauppaan\/\" \/>\n<meta property=\"og:site_name\" content=\"Starinitan varsahuutokauppa\" \/>\n<meta property=\"article:modified_time\" content=\"2020-03-26T09:08:21+00:00\" \/>\n<meta name=\"twitter:card\" content=\"summary_large_image\" \/>\n<meta name=\"twitter:label1\" content=\"Est. reading time\" \/>\n\t<meta name=\"twitter:data1\" content=\"2 minutes\" \/>\n<script type=\"application\/ld+json\" class=\"yoast-schema-graph\">{\"@context\":\"https:\/\/schema.org\",\"@graph\":[{\"@type\":\"WebPage\",\"@id\":\"https:\/\/www.hevoshuutokaupat.fi\/en\/info\/ilmoita-internethuutokauppaan\/\",\"url\":\"https:\/\/www.hevoshuutokaupat.fi\/en\/info\/ilmoita-internethuutokauppaan\/\",\"name\":\"Internet auction - Starinitan varsahuutokauppa\",\"isPartOf\":{\"@id\":\"https:\/\/www.hevoshuutokaupat.fi\/#website\"},\"datePublished\":\"2019-04-26T06:14:43+00:00\",\"dateModified\":\"2020-03-26T09:08:21+00:00\",\"breadcrumb\":{\"@id\":\"https:\/\/www.hevoshuutokaupat.fi\/en\/info\/ilmoita-internethuutokauppaan\/#breadcrumb\"},\"inLanguage\":\"en-US\",\"potentialAction\":[{\"@type\":\"ReadAction\",\"target\":[\"https:\/\/www.hevoshuutokaupat.fi\/en\/info\/ilmoita-internethuutokauppaan\/\"]}]},{\"@type\":\"BreadcrumbList\",\"@id\":\"https:\/\/www.hevoshuutokaupat.fi\/en\/info\/ilmoita-internethuutokauppaan\/#breadcrumb\",\"itemListElement\":[{\"@type\":\"ListItem\",\"position\":1,\"name\":\"Etusivu\",\"item\":\"https:\/\/www.hevoshuutokaupat.fi\/en\/\"},{\"@type\":\"ListItem\",\"position\":2,\"name\":\"Info\",\"item\":\"https:\/\/www.hevoshuutokaupat.fi\/en\/info\/\"},{\"@type\":\"ListItem\",\"position\":3,\"name\":\"Internet auction\"}]},{\"@type\":\"WebSite\",\"@id\":\"https:\/\/www.hevoshuutokaupat.fi\/#website\",\"url\":\"https:\/\/www.hevoshuutokaupat.fi\/\",\"name\":\"Starinitan varsahuutokauppa\",\"description\":\"Perinteik\u00e4s Varsahuutokauppa j\u00e4rjestet\u00e4\u00e4n Yp\u00e4j\u00e4n Hevosopistolla perjantaina 13.9.2019 jo 22. kerran!\",\"publisher\":{\"@id\":\"https:\/\/www.hevoshuutokaupat.fi\/#organization\"},\"potentialAction\":[{\"@type\":\"SearchAction\",\"target\":{\"@type\":\"EntryPoint\",\"urlTemplate\":\"https:\/\/www.hevoshuutokaupat.fi\/?s={search_term_string}\"},\"query-input\":{\"@type\":\"PropertyValueSpecification\",\"valueRequired\":true,\"valueName\":\"search_term_string\"}}],\"inLanguage\":\"en-US\"},{\"@type\":\"Organization\",\"@id\":\"https:\/\/www.hevoshuutokaupat.fi\/#organization\",\"name\":\"Starinitan varsahuutokauppa\",\"url\":\"https:\/\/www.hevoshuutokaupat.fi\/\",\"logo\":{\"@type\":\"ImageObject\",\"inLanguage\":\"en-US\",\"@id\":\"https:\/\/www.hevoshuutokaupat.fi\/#\/schema\/logo\/image\/\",\"url\":\"https:\/\/www.hevoshuutokaupat.fi\/wp-content\/uploads\/2021\/06\/logo_white2-1.png\",\"contentUrl\":\"https:\/\/www.hevoshuutokaupat.fi\/wp-content\/uploads\/2021\/06\/logo_white2-1.png\",\"width\":328,\"height\":115,\"caption\":\"Starinitan varsahuutokauppa\"},\"image\":{\"@id\":\"https:\/\/www.hevoshuutokaupat.fi\/#\/schema\/logo\/image\/\"}}]}<\/script>\n<!-- \/ Yoast SEO plugin. -->","yoast_head_json":{"title":"Internet auction - Starinitan varsahuutokauppa","robots":{"index":"index","follow":"follow","max-snippet":"max-snippet:-1","max-image-preview":"max-image-preview:large","max-video-preview":"max-video-preview:-1"},"canonical":"https:\/\/www.hevoshuutokaupat.fi\/en\/info\/ilmoita-internethuutokauppaan\/","og_locale":"en_US","og_type":"article","og_title":"Internet auction - Starinitan varsahuutokauppa","og_description":"[vc_row][vc_column width=&#8221;2\/3&#8243;][vc_column_text] Application of items to the Internet auction Give a precise and truthful description about the auction item. The information you give is used as such in the advertisement. At first take a close view of the terms of auction. Registration fee \u00bb 75 \u20ac (24% VAT included) per item \u00bb 50 \u20ac (24%","og_url":"https:\/\/www.hevoshuutokaupat.fi\/en\/info\/ilmoita-internethuutokauppaan\/","og_site_name":"Starinitan varsahuutokauppa","article_modified_time":"2020-03-26T09:08:21+00:00","twitter_card":"summary_large_image","twitter_misc":{"Est. reading time":"2 minutes"},"schema":{"@context":"https:\/\/schema.org","@graph":[{"@type":"WebPage","@id":"https:\/\/www.hevoshuutokaupat.fi\/en\/info\/ilmoita-internethuutokauppaan\/","url":"https:\/\/www.hevoshuutokaupat.fi\/en\/info\/ilmoita-internethuutokauppaan\/","name":"Internet auction - Starinitan varsahuutokauppa","isPartOf":{"@id":"https:\/\/www.hevoshuutokaupat.fi\/#website"},"datePublished":"2019-04-26T06:14:43+00:00","dateModified":"2020-03-26T09:08:21+00:00","breadcrumb":{"@id":"https:\/\/www.hevoshuutokaupat.fi\/en\/info\/ilmoita-internethuutokauppaan\/#breadcrumb"},"inLanguage":"en-US","potentialAction":[{"@type":"ReadAction","target":["https:\/\/www.hevoshuutokaupat.fi\/en\/info\/ilmoita-internethuutokauppaan\/"]}]},{"@type":"BreadcrumbList","@id":"https:\/\/www.hevoshuutokaupat.fi\/en\/info\/ilmoita-internethuutokauppaan\/#breadcrumb","itemListElement":[{"@type":"ListItem","position":1,"name":"Etusivu","item":"https:\/\/www.hevoshuutokaupat.fi\/en\/"},{"@type":"ListItem","position":2,"name":"Info","item":"https:\/\/www.hevoshuutokaupat.fi\/en\/info\/"},{"@type":"ListItem","position":3,"name":"Internet auction"}]},{"@type":"WebSite","@id":"https:\/\/www.hevoshuutokaupat.fi\/#website","url":"https:\/\/www.hevoshuutokaupat.fi\/","name":"Starinitan varsahuutokauppa","description":"Perinteik\u00e4s Varsahuutokauppa j\u00e4rjestet\u00e4\u00e4n Yp\u00e4j\u00e4n Hevosopistolla perjantaina 13.9.2019 jo 22. kerran!","publisher":{"@id":"https:\/\/www.hevoshuutokaupat.fi\/#organization"},"potentialAction":[{"@type":"SearchAction","target":{"@type":"EntryPoint","urlTemplate":"https:\/\/www.hevoshuutokaupat.fi\/?s={search_term_string}"},"query-input":{"@type":"PropertyValueSpecification","valueRequired":true,"valueName":"search_term_string"}}],"inLanguage":"en-US"},{"@type":"Organization","@id":"https:\/\/www.hevoshuutokaupat.fi\/#organization","name":"Starinitan varsahuutokauppa","url":"https:\/\/www.hevoshuutokaupat.fi\/","logo":{"@type":"ImageObject","inLanguage":"en-US","@id":"https:\/\/www.hevoshuutokaupat.fi\/#\/schema\/logo\/image\/","url":"https:\/\/www.hevoshuutokaupat.fi\/wp-content\/uploads\/2021\/06\/logo_white2-1.png","contentUrl":"https:\/\/www.hevoshuutokaupat.fi\/wp-content\/uploads\/2021\/06\/logo_white2-1.png","width":328,"height":115,"caption":"Starinitan varsahuutokauppa"},"image":{"@id":"https:\/\/www.hevoshuutokaupat.fi\/#\/schema\/logo\/image\/"}}]}},"_links":{"self":[{"href":"https:\/\/www.hevoshuutokaupat.fi\/en\/wp-json\/wp\/v2\/pages\/8695","targetHints":{"allow":["GET"]}}],"collection":[{"href":"https:\/\/www.hevoshuutokaupat.fi\/en\/wp-json\/wp\/v2\/pages"}],"about":[{"href":"https:\/\/www.hevoshuutokaupat.fi\/en\/wp-json\/wp\/v2\/types\/page"}],"author":[{"embeddable":true,"href":"https:\/\/www.hevoshuutokaupat.fi\/en\/wp-json\/wp\/v2\/users\/1"}],"replies":[{"embeddable":true,"href":"https:\/\/www.hevoshuutokaupat.fi\/en\/wp-json\/wp\/v2\/comments?post=8695"}],"version-history":[{"count":10,"href":"https:\/\/www.hevoshuutokaupat.fi\/en\/wp-json\/wp\/v2\/pages\/8695\/revisions"}],"predecessor-version":[{"id":11540,"href":"https:\/\/www.hevoshuutokaupat.fi\/en\/wp-json\/wp\/v2\/pages\/8695\/revisions\/11540"}],"up":[{"embeddable":true,"href":"https:\/\/www.hevoshuutokaupat.fi\/en\/wp-json\/wp\/v2\/pages\/8581"}],"wp:attachment":[{"href":"https:\/\/www.hevoshuutokaupat.fi\/en\/wp-json\/wp\/v2\/media?parent=8695"}],"curies":[{"name":"wp","href":"https:\/\/api.w.org\/{rel}","templated":true}]}}