{"id":8620,"date":"2019-05-09T09:56:57","date_gmt":"2019-05-09T06:56:57","guid":{"rendered":"https:\/\/www.hevoshuutokaupat.fi\/tilastoja-2002-2018\/"},"modified":"2019-10-17T13:43:38","modified_gmt":"2019-10-17T10:43:38","slug":"tilastoja","status":"publish","type":"page","link":"https:\/\/www.hevoshuutokaupat.fi\/en\/tilastoja\/","title":{"rendered":"Auction stats 2002-2019"},"content":{"rendered":"<p>[vc_row][vc_column]<div class=\"section-title-wrapper shortcode-rand-1 embrad-inline-css\" data-css=\"&quot;.shortcode-rand-1 .background-title { font-family:Abril Fatface;font-weight:400;font-style:normal }.shortcode-rand-1 .section-title { text-transform: none; }&quot;\"><div class=\"title-wrap\"><h1 class=\"section-title\">Auction stats 2002-2019<\/h1><\/div><!-- .title-wrap --><div class=\"section-description\"><\/div><!-- .section-description --><div class=\"button-section\"><\/div><!-- .button-section --><\/div><!-- .section-title-wrapper -->[vc_column_text]<span style=\"font-weight: 400;\">Compiled information about the auctions of Starinita Oy.<\/span><\/p>\n<p><strong>Attention. These figures do not include VAT or other expenses.<\/strong><\/p>\n<h2>Starting price:<\/h2>\n<p>1997-2001: 10.000 mk<br \/>\n2002-2004: 1.000 \u20ac<br \/>\n2005-2007: 2.000 \u20ac<br \/>\n2008: 2.500\u20ac\/<span style=\"font-weight: 400;\">Or other higher price set by the seller (even 20 000\u20ac)<\/span><br \/>\n2009\u2013&gt; 1.000\u20ac<\/p>\n<p>Derby Auction at Vermo Racetrack 1997 \u2013 2002 (no auction 1999), UET Auction at Teivo 2003, Kriterium Auction at Teivo Racetrack 2004 \u2013 2007. Auction at Yp\u00e4j\u00e4 from 2008.<\/p>\n<p>2005 Finnish Horse Owners Association became owner of the auction company by 51%. Before that Association Finnish Trotting Horse Breeders was the only owner.<\/p>\n<h2><span style=\"font-weight: 400;\">Average prices<\/span>:<\/h2>\n<p>2019: 5.911,18<br \/>\n2018: 5.756,46<br \/>\n2017: 7.008,47 * Raviliiga 3<br \/>\n2016: 4.309,42<br \/>\n2015: 4.442,31<br \/>\n2014: 4.160,45 * Raviliiga 2<br \/>\n2013: 5.154,11 * Raviliiga 1<br \/>\n2012: 3.838,46<br \/>\n2011: 3.694,85<br \/>\n2010: 4.545,92<br \/>\n2009: 4.170,45<br \/>\n2008: 5.915<br \/>\n2007: 4.550<br \/>\n2006: 4.706<br \/>\n2005: 5.714<br \/>\n2004: 4.047,62<br \/>\n2003: 5.612,90<br \/>\n2002: 4.700<br \/>\n2001: 21.214 mk (about 3.500 \u20ac)<br \/>\n2000: ?<br \/>\n1999: no auction<br \/>\n1998: ?<br \/>\n1997: ?<\/p>\n<h2><span style=\"font-weight: 400;\">Price medians<\/span>:<\/h2>\n<p>2019: 4.125<br \/>\n2018: 4.250<br \/>\n2017: 4.000<br \/>\n2016: 3.750<br \/>\n2015: 3.000<br \/>\n2014: 3.000<br \/>\n2013: 3.750<br \/>\n2012: 2.750<br \/>\n2011: 2.250<br \/>\n2010: 3.750<br \/>\n2009: 3.000<br \/>\n2008: ?<br \/>\n2007: ?<br \/>\n2006: 4.000<br \/>\n2005: 5.500<br \/>\n2004: 2.600<br \/>\n2003: 4.900<br \/>\n2002: 3.100<br \/>\n2001: 15.000 mk (about 2.500 \u20ac)<br \/>\n2000: ?<br \/>\n1999: no auction<br \/>\n1998: ?<br \/>\n1997: ?<\/p>\n<h2>Sold yearlings \/ Yearlings in the auction<\/h2>\n<p>2019: 76\/106<br \/>\n2018: 67\/85<br \/>\n2017: 59\/78<br \/>\n2016: 63\/82<br \/>\n2015: 65\/96<br \/>\n2014: 67\/87<br \/>\n2013: 73\/80<br \/>\n2012: 65\/82<br \/>\n2011: 68\/89<br \/>\n2010: 49\/75<br \/>\n2009: 44\/71<br \/>\n2008: 20\/55<br \/>\n2007: 34\/60<br \/>\n2006: 34\/51<br \/>\n2005: 42\/67<br \/>\n2004: 21\/28<br \/>\n2003: 31\/46<br \/>\n2002: 21\/31<br \/>\n2001: 14\/36<br \/>\n2000: ?\/47<br \/>\n1999: no auction<br \/>\n1998: 36\/53<br \/>\n1997: ?\/39[\/vc_column_text][\/vc_column][\/vc_row]<\/p>\n","protected":false},"excerpt":{"rendered":"<p>[vc_row][vc_column][vc_column_text]Compiled information about the auctions of Starinita Oy. Attention. These figures do not include VAT or other expenses. Starting price: 1997-2001: 10.000 mk 2002-2004: 1.000 \u20ac 2005-2007: 2.000 \u20ac 2008: 2.500\u20ac\/Or other higher price set by the seller (even 20 000\u20ac) 2009\u2013&gt; 1.000\u20ac Derby Auction at Vermo Racetrack 1997 \u2013 2002 (no auction 1999), UET<\/p>\n","protected":false},"author":1,"featured_media":0,"parent":0,"menu_order":0,"comment_status":"closed","ping_status":"closed","template":"","meta":{"footnotes":""},"class_list":["post-8620","page","type-page","status-publish","hentry"],"yoast_head":"<!-- This site is optimized with the Yoast SEO plugin v27.2 - https:\/\/yoast.com\/product\/yoast-seo-wordpress\/ -->\n<title>Auction stats 2002-2019 - Starinitan varsahuutokauppa<\/title>\n<meta name=\"robots\" content=\"index, follow, max-snippet:-1, max-image-preview:large, max-video-preview:-1\" \/>\n<link rel=\"canonical\" href=\"https:\/\/www.hevoshuutokaupat.fi\/en\/tilastoja\/\" \/>\n<meta property=\"og:locale\" content=\"en_US\" \/>\n<meta property=\"og:type\" content=\"article\" \/>\n<meta property=\"og:title\" content=\"Auction stats 2002-2019 - Starinitan varsahuutokauppa\" \/>\n<meta property=\"og:description\" content=\"[vc_row][vc_column][vc_column_text]Compiled information about the auctions of Starinita Oy. Attention. These figures do not include VAT or other expenses. Starting price: 1997-2001: 10.000 mk 2002-2004: 1.000 \u20ac 2005-2007: 2.000 \u20ac 2008: 2.500\u20ac\/Or other higher price set by the seller (even 20 000\u20ac) 2009\u2013&gt; 1.000\u20ac Derby Auction at Vermo Racetrack 1997 \u2013 2002 (no auction 1999), UET\" \/>\n<meta property=\"og:url\" content=\"https:\/\/www.hevoshuutokaupat.fi\/en\/tilastoja\/\" \/>\n<meta property=\"og:site_name\" content=\"Starinitan varsahuutokauppa\" \/>\n<meta property=\"article:modified_time\" content=\"2019-10-17T10:43:38+00:00\" \/>\n<meta name=\"twitter:card\" content=\"summary_large_image\" \/>\n<meta name=\"twitter:label1\" content=\"Est. reading time\" \/>\n\t<meta name=\"twitter:data1\" content=\"1 minute\" \/>\n<script type=\"application\/ld+json\" class=\"yoast-schema-graph\">{\"@context\":\"https:\/\/schema.org\",\"@graph\":[{\"@type\":\"WebPage\",\"@id\":\"https:\/\/www.hevoshuutokaupat.fi\/en\/tilastoja\/\",\"url\":\"https:\/\/www.hevoshuutokaupat.fi\/en\/tilastoja\/\",\"name\":\"Auction stats 2002-2019 - Starinitan varsahuutokauppa\",\"isPartOf\":{\"@id\":\"https:\/\/www.hevoshuutokaupat.fi\/#website\"},\"datePublished\":\"2019-05-09T06:56:57+00:00\",\"dateModified\":\"2019-10-17T10:43:38+00:00\",\"breadcrumb\":{\"@id\":\"https:\/\/www.hevoshuutokaupat.fi\/en\/tilastoja\/#breadcrumb\"},\"inLanguage\":\"en-US\",\"potentialAction\":[{\"@type\":\"ReadAction\",\"target\":[\"https:\/\/www.hevoshuutokaupat.fi\/en\/tilastoja\/\"]}]},{\"@type\":\"BreadcrumbList\",\"@id\":\"https:\/\/www.hevoshuutokaupat.fi\/en\/tilastoja\/#breadcrumb\",\"itemListElement\":[{\"@type\":\"ListItem\",\"position\":1,\"name\":\"Etusivu\",\"item\":\"https:\/\/www.hevoshuutokaupat.fi\/en\/\"},{\"@type\":\"ListItem\",\"position\":2,\"name\":\"Auction stats 2002-2019\"}]},{\"@type\":\"WebSite\",\"@id\":\"https:\/\/www.hevoshuutokaupat.fi\/#website\",\"url\":\"https:\/\/www.hevoshuutokaupat.fi\/\",\"name\":\"Starinitan varsahuutokauppa\",\"description\":\"Perinteik\u00e4s Varsahuutokauppa j\u00e4rjestet\u00e4\u00e4n Yp\u00e4j\u00e4n Hevosopistolla perjantaina 13.9.2019 jo 22. kerran!\",\"publisher\":{\"@id\":\"https:\/\/www.hevoshuutokaupat.fi\/#organization\"},\"potentialAction\":[{\"@type\":\"SearchAction\",\"target\":{\"@type\":\"EntryPoint\",\"urlTemplate\":\"https:\/\/www.hevoshuutokaupat.fi\/?s={search_term_string}\"},\"query-input\":{\"@type\":\"PropertyValueSpecification\",\"valueRequired\":true,\"valueName\":\"search_term_string\"}}],\"inLanguage\":\"en-US\"},{\"@type\":\"Organization\",\"@id\":\"https:\/\/www.hevoshuutokaupat.fi\/#organization\",\"name\":\"Starinitan varsahuutokauppa\",\"url\":\"https:\/\/www.hevoshuutokaupat.fi\/\",\"logo\":{\"@type\":\"ImageObject\",\"inLanguage\":\"en-US\",\"@id\":\"https:\/\/www.hevoshuutokaupat.fi\/#\/schema\/logo\/image\/\",\"url\":\"https:\/\/www.hevoshuutokaupat.fi\/wp-content\/uploads\/2021\/06\/logo_white2-1.png\",\"contentUrl\":\"https:\/\/www.hevoshuutokaupat.fi\/wp-content\/uploads\/2021\/06\/logo_white2-1.png\",\"width\":328,\"height\":115,\"caption\":\"Starinitan varsahuutokauppa\"},\"image\":{\"@id\":\"https:\/\/www.hevoshuutokaupat.fi\/#\/schema\/logo\/image\/\"}}]}<\/script>\n<!-- \/ Yoast SEO plugin. -->","yoast_head_json":{"title":"Auction stats 2002-2019 - Starinitan varsahuutokauppa","robots":{"index":"index","follow":"follow","max-snippet":"max-snippet:-1","max-image-preview":"max-image-preview:large","max-video-preview":"max-video-preview:-1"},"canonical":"https:\/\/www.hevoshuutokaupat.fi\/en\/tilastoja\/","og_locale":"en_US","og_type":"article","og_title":"Auction stats 2002-2019 - Starinitan varsahuutokauppa","og_description":"[vc_row][vc_column][vc_column_text]Compiled information about the auctions of Starinita Oy. Attention. These figures do not include VAT or other expenses. Starting price: 1997-2001: 10.000 mk 2002-2004: 1.000 \u20ac 2005-2007: 2.000 \u20ac 2008: 2.500\u20ac\/Or other higher price set by the seller (even 20 000\u20ac) 2009\u2013&gt; 1.000\u20ac Derby Auction at Vermo Racetrack 1997 \u2013 2002 (no auction 1999), UET","og_url":"https:\/\/www.hevoshuutokaupat.fi\/en\/tilastoja\/","og_site_name":"Starinitan varsahuutokauppa","article_modified_time":"2019-10-17T10:43:38+00:00","twitter_card":"summary_large_image","twitter_misc":{"Est. reading time":"1 minute"},"schema":{"@context":"https:\/\/schema.org","@graph":[{"@type":"WebPage","@id":"https:\/\/www.hevoshuutokaupat.fi\/en\/tilastoja\/","url":"https:\/\/www.hevoshuutokaupat.fi\/en\/tilastoja\/","name":"Auction stats 2002-2019 - Starinitan varsahuutokauppa","isPartOf":{"@id":"https:\/\/www.hevoshuutokaupat.fi\/#website"},"datePublished":"2019-05-09T06:56:57+00:00","dateModified":"2019-10-17T10:43:38+00:00","breadcrumb":{"@id":"https:\/\/www.hevoshuutokaupat.fi\/en\/tilastoja\/#breadcrumb"},"inLanguage":"en-US","potentialAction":[{"@type":"ReadAction","target":["https:\/\/www.hevoshuutokaupat.fi\/en\/tilastoja\/"]}]},{"@type":"BreadcrumbList","@id":"https:\/\/www.hevoshuutokaupat.fi\/en\/tilastoja\/#breadcrumb","itemListElement":[{"@type":"ListItem","position":1,"name":"Etusivu","item":"https:\/\/www.hevoshuutokaupat.fi\/en\/"},{"@type":"ListItem","position":2,"name":"Auction stats 2002-2019"}]},{"@type":"WebSite","@id":"https:\/\/www.hevoshuutokaupat.fi\/#website","url":"https:\/\/www.hevoshuutokaupat.fi\/","name":"Starinitan varsahuutokauppa","description":"Perinteik\u00e4s Varsahuutokauppa j\u00e4rjestet\u00e4\u00e4n Yp\u00e4j\u00e4n Hevosopistolla perjantaina 13.9.2019 jo 22. kerran!","publisher":{"@id":"https:\/\/www.hevoshuutokaupat.fi\/#organization"},"potentialAction":[{"@type":"SearchAction","target":{"@type":"EntryPoint","urlTemplate":"https:\/\/www.hevoshuutokaupat.fi\/?s={search_term_string}"},"query-input":{"@type":"PropertyValueSpecification","valueRequired":true,"valueName":"search_term_string"}}],"inLanguage":"en-US"},{"@type":"Organization","@id":"https:\/\/www.hevoshuutokaupat.fi\/#organization","name":"Starinitan varsahuutokauppa","url":"https:\/\/www.hevoshuutokaupat.fi\/","logo":{"@type":"ImageObject","inLanguage":"en-US","@id":"https:\/\/www.hevoshuutokaupat.fi\/#\/schema\/logo\/image\/","url":"https:\/\/www.hevoshuutokaupat.fi\/wp-content\/uploads\/2021\/06\/logo_white2-1.png","contentUrl":"https:\/\/www.hevoshuutokaupat.fi\/wp-content\/uploads\/2021\/06\/logo_white2-1.png","width":328,"height":115,"caption":"Starinitan varsahuutokauppa"},"image":{"@id":"https:\/\/www.hevoshuutokaupat.fi\/#\/schema\/logo\/image\/"}}]}},"_links":{"self":[{"href":"https:\/\/www.hevoshuutokaupat.fi\/en\/wp-json\/wp\/v2\/pages\/8620","targetHints":{"allow":["GET"]}}],"collection":[{"href":"https:\/\/www.hevoshuutokaupat.fi\/en\/wp-json\/wp\/v2\/pages"}],"about":[{"href":"https:\/\/www.hevoshuutokaupat.fi\/en\/wp-json\/wp\/v2\/types\/page"}],"author":[{"embeddable":true,"href":"https:\/\/www.hevoshuutokaupat.fi\/en\/wp-json\/wp\/v2\/users\/1"}],"replies":[{"embeddable":true,"href":"https:\/\/www.hevoshuutokaupat.fi\/en\/wp-json\/wp\/v2\/comments?post=8620"}],"version-history":[{"count":6,"href":"https:\/\/www.hevoshuutokaupat.fi\/en\/wp-json\/wp\/v2\/pages\/8620\/revisions"}],"predecessor-version":[{"id":11291,"href":"https:\/\/www.hevoshuutokaupat.fi\/en\/wp-json\/wp\/v2\/pages\/8620\/revisions\/11291"}],"wp:attachment":[{"href":"https:\/\/www.hevoshuutokaupat.fi\/en\/wp-json\/wp\/v2\/media?parent=8620"}],"curies":[{"name":"wp","href":"https:\/\/api.w.org\/{rel}","templated":true}]}}