{"id":8610,"date":"2018-11-27T13:03:53","date_gmt":"2018-11-27T11:03:53","guid":{"rendered":"https:\/\/www.hevoshuutokaupat.fi\/yhteystiedot\/"},"modified":"2019-08-09T13:53:12","modified_gmt":"2019-08-09T10:53:12","slug":"yhteystiedot","status":"publish","type":"page","link":"https:\/\/www.hevoshuutokaupat.fi\/en\/yhteystiedot\/","title":{"rendered":"Contact"},"content":{"rendered":"<p>[vc_row full_width=&#8221;stretch_row&#8221; content_placement=&#8221;middle&#8221; css=&#8221;.vc_custom_1551078521338{padding-bottom: 30px !important;}&#8221;][vc_column el_class=&#8221;pr-lg-2&#8243;]<div class=\"section-title-wrapper shortcode-rand-1 embrad-inline-css\" data-css=\"&quot;.shortcode-rand-1 .background-title { font-family:Abril Fatface;font-weight:400;font-style:normal }.shortcode-rand-1 .title-separator.separator-border, .shortcode-rand-1 .title-separator.separator-border:after, .shortcode-rand-1 .title-separator.separator-border:before { background-color: ; }.shortcode-rand-1 .section-title { color: #000000; text-transform: none; }&quot;\"><div class=\"title-wrap\"><h2 class=\"section-title\">Contact us<\/h2><span class=\"title-separator separator-border theme-color-bg\"><\/span><\/div><!-- .title-wrap --><div class=\"section-description\"><\/div><!-- .section-description --><div class=\"button-section\"><\/div><!-- .button-section --><\/div><!-- .section-title-wrapper -->[vc_row_inner][vc_column_inner width=&#8221;1\/2&#8243; offset=&#8221;vc_col-lg-6 vc_col-md-6&#8243;]<div class=\"feature-box-wrapper active feature-box-style-1 text-left vc_custom_1565347292056 shortcode-rand-2 embrad-inline-css feature-list-1\" data-css=\"&quot;.shortcode-rand-2.feature-box-wrapper .section-title { color: #ffffff; }.shortcode-rand-2.feature-box-wrapper { color: #ffffff; }.shortcode-rand-2.feature-box-wrapper .fbox-list .media-body &gt; *:nth-child(1) { margin-bottom: 15px; }.shortcode-rand-2.feature-box-wrapper {background: -moz-linear-gradient(141deg,  0%,  51%,  75%);\\r\\n\\t\\t\\t\\tbackground: -webkit-linear-gradient(141deg,  0%,  51%,  75%);\\r\\n\\t\\t\\t\\tbackground: linear-gradient(141deg,  0%,  51%,  75%);}.shortcode-rand-2 .feature-box-icon { font-size: 40px; }.shortcode-rand-2:hover .feature-box-icon { color: #ffffff; }&quot;\"><div class=\"fbox-list\"><div class=\"media\"><div class=\"feature-box-icon mr-4 text-center squared icon-light none\"><span class=\"ti-user\"><\/span><\/div><!-- .feature-box-icon --><div class=\"media-body\"><div class=\"feature-box-title\"><h6 class=\"section-title\">Starinita Oy<\/h6><\/div><!-- .feature-box-title --><div class=\"feature-box-content\">CEO: Mitja Nummenmaa<\/div><!-- .feature-box-content --><\/div><\/div><\/div><\/div><!-- .feature-box-wrapper --><div class=\"feature-box-wrapper active feature-box-style-1 text-left vc_custom_1565347780770 shortcode-rand-3 embrad-inline-css feature-list-1\" data-css=\"&quot;.shortcode-rand-3.feature-box-wrapper .section-title { color: #ffffff; }.shortcode-rand-3.feature-box-wrapper { color: #ffffff; }.shortcode-rand-3.feature-box-wrapper .fbox-list .media-body &gt; *:nth-child(1) { margin-bottom: 15px; }.shortcode-rand-3.feature-box-wrapper {background: -moz-linear-gradient(141deg,  0%,  51%,  75%);\\r\\n\\t\\t\\t\\tbackground: -webkit-linear-gradient(141deg,  0%,  51%,  75%);\\r\\n\\t\\t\\t\\tbackground: linear-gradient(141deg,  0%,  51%,  75%);}.shortcode-rand-3 .feature-box-icon { font-size: 40px; }.shortcode-rand-3 .feature-box-icon { color: #ffffff; }.shortcode-rand-3:hover .feature-box-icon { color: #ffffff; }&quot;\"><div class=\"fbox-list\"><div class=\"media\"><div class=\"feature-box-icon mr-4 text-center squared none\"><span class=\"ti-home\"><\/span><\/div><!-- .feature-box-icon --><div class=\"media-body\"><div class=\"feature-box-title\"><h6 class=\"section-title\">Address<\/h6><\/div><!-- .feature-box-title --><div class=\"feature-box-content\">Jokimaankatu 6 A, 15700 Lahti<\/div><!-- .feature-box-content --><\/div><\/div><\/div><\/div><!-- .feature-box-wrapper -->[\/vc_column_inner][vc_column_inner width=&#8221;1\/2&#8243; offset=&#8221;vc_col-lg-6 vc_col-md-6&#8243;]<div class=\"feature-box-wrapper active feature-box-style-1 text-left vc_custom_1565347823306 shortcode-rand-4 embrad-inline-css feature-list-1\" data-css=\"&quot;.shortcode-rand-4.feature-box-wrapper .section-title { color: #ffffff; }.shortcode-rand-4.feature-box-wrapper { color: #ffffff; }.shortcode-rand-4.feature-box-wrapper .fbox-list .media-body &gt; *:nth-child(1) { margin-bottom: 15px; }.shortcode-rand-4.feature-box-wrapper {background: -moz-linear-gradient(141deg,  0%,  51%,  75%);\\r\\n\\t\\t\\t\\tbackground: -webkit-linear-gradient(141deg,  0%,  51%,  75%);\\r\\n\\t\\t\\t\\tbackground: linear-gradient(141deg,  0%,  51%,  75%);}.shortcode-rand-4 .feature-box-icon { font-size: 40px; }.shortcode-rand-4 .feature-box-icon { color: #ffffff; }.shortcode-rand-4:hover .feature-box-icon { color: #ffffff; }&quot;\"><div class=\"fbox-list\"><div class=\"media\"><div class=\"feature-box-icon mr-4 text-center squared none\"><span class=\"ti-headphone\"><\/span><\/div><!-- .feature-box-icon --><div class=\"media-body\"><div class=\"feature-box-title\"><h6 class=\"section-title\">Phone<\/h6><\/div><!-- .feature-box-title --><div class=\"feature-box-content\">+358 40 502 4987<\/div><!-- .feature-box-content --><\/div><\/div><\/div><\/div><!-- .feature-box-wrapper --><div class=\"feature-box-wrapper active feature-box-style-1 text-left vc_custom_1565347983159 shortcode-rand-5 embrad-inline-css feature-list-1\" data-css=\"&quot;.shortcode-rand-5.feature-box-wrapper .section-title { color: #ffffff; }.shortcode-rand-5.feature-box-wrapper { color: #ffffff; }.shortcode-rand-5.feature-box-wrapper .fbox-list .media-body &gt; *:nth-child(1) { margin-bottom: 15px; }.shortcode-rand-5.feature-box-wrapper {background: -moz-linear-gradient(141deg,  0%,  51%,  75%);\\r\\n\\t\\t\\t\\tbackground: -webkit-linear-gradient(141deg,  0%,  51%,  75%);\\r\\n\\t\\t\\t\\tbackground: linear-gradient(141deg,  0%,  51%,  75%);}.shortcode-rand-5 .feature-box-icon { font-size: 40px; }.shortcode-rand-5:hover .feature-box-icon { color: #ffffff; }&quot;\"><div class=\"fbox-list\"><div class=\"media\"><div class=\"feature-box-icon mr-4 text-center squared icon-light none\"><span class=\"ti-email\"><\/span><\/div><!-- .feature-box-icon --><div class=\"media-body\"><div class=\"feature-box-title\"><h6 class=\"section-title\">Email<\/h6><\/div><!-- .feature-box-title --><div class=\"feature-box-content\"><a class=\"typo-white\" href=\"mailto:shkl@kolumbus.fi\">shkl@kolumbus.fi<\/a><\/div><!-- .feature-box-content --><\/div><\/div><\/div><\/div><!-- .feature-box-wrapper -->[\/vc_column_inner][\/vc_row_inner][\/vc_column][\/vc_row]<\/p>\n","protected":false},"excerpt":{"rendered":"<p>[vc_row full_width=&#8221;stretch_row&#8221; content_placement=&#8221;middle&#8221; css=&#8221;.vc_custom_1551078521338{padding-bottom: 30px !important;}&#8221;][vc_column el_class=&#8221;pr-lg-2&#8243;][vc_row_inner][vc_column_inner width=&#8221;1\/2&#8243; offset=&#8221;vc_col-lg-6 vc_col-md-6&#8243;][\/vc_column_inner][vc_column_inner width=&#8221;1\/2&#8243; offset=&#8221;vc_col-lg-6 vc_col-md-6&#8243;][\/vc_column_inner][\/vc_row_inner][\/vc_column][\/vc_row]<\/p>\n","protected":false},"author":1,"featured_media":0,"parent":0,"menu_order":0,"comment_status":"closed","ping_status":"closed","template":"","meta":{"footnotes":""},"class_list":["post-8610","page","type-page","status-publish","hentry"],"yoast_head":"<!-- This site is optimized with the Yoast SEO plugin v27.2 - https:\/\/yoast.com\/product\/yoast-seo-wordpress\/ -->\n<title>Contact - Starinitan varsahuutokauppa<\/title>\n<meta name=\"robots\" content=\"index, follow, max-snippet:-1, max-image-preview:large, max-video-preview:-1\" \/>\n<link rel=\"canonical\" href=\"https:\/\/www.hevoshuutokaupat.fi\/en\/yhteystiedot\/\" \/>\n<meta property=\"og:locale\" content=\"en_US\" \/>\n<meta property=\"og:type\" content=\"article\" \/>\n<meta property=\"og:title\" content=\"Contact - Starinitan varsahuutokauppa\" \/>\n<meta property=\"og:description\" content=\"[vc_row full_width=&#8221;stretch_row&#8221; content_placement=&#8221;middle&#8221; css=&#8221;.vc_custom_1551078521338{padding-bottom: 30px !important;}&#8221;][vc_column el_class=&#8221;pr-lg-2&#8243;][vc_row_inner][vc_column_inner width=&#8221;1\/2&#8243; offset=&#8221;vc_col-lg-6 vc_col-md-6&#8243;][\/vc_column_inner][vc_column_inner width=&#8221;1\/2&#8243; offset=&#8221;vc_col-lg-6 vc_col-md-6&#8243;][\/vc_column_inner][\/vc_row_inner][\/vc_column][\/vc_row]\" \/>\n<meta property=\"og:url\" content=\"https:\/\/www.hevoshuutokaupat.fi\/en\/yhteystiedot\/\" \/>\n<meta property=\"og:site_name\" content=\"Starinitan varsahuutokauppa\" \/>\n<meta property=\"article:modified_time\" content=\"2019-08-09T10:53:12+00:00\" \/>\n<meta name=\"twitter:card\" content=\"summary_large_image\" \/>\n<meta name=\"twitter:label1\" content=\"Est. reading time\" \/>\n\t<meta name=\"twitter:data1\" content=\"2 minutes\" \/>\n<script type=\"application\/ld+json\" class=\"yoast-schema-graph\">{\"@context\":\"https:\/\/schema.org\",\"@graph\":[{\"@type\":\"WebPage\",\"@id\":\"https:\/\/www.hevoshuutokaupat.fi\/en\/yhteystiedot\/\",\"url\":\"https:\/\/www.hevoshuutokaupat.fi\/en\/yhteystiedot\/\",\"name\":\"Contact - Starinitan varsahuutokauppa\",\"isPartOf\":{\"@id\":\"https:\/\/www.hevoshuutokaupat.fi\/#website\"},\"datePublished\":\"2018-11-27T11:03:53+00:00\",\"dateModified\":\"2019-08-09T10:53:12+00:00\",\"breadcrumb\":{\"@id\":\"https:\/\/www.hevoshuutokaupat.fi\/en\/yhteystiedot\/#breadcrumb\"},\"inLanguage\":\"en-US\",\"potentialAction\":[{\"@type\":\"ReadAction\",\"target\":[\"https:\/\/www.hevoshuutokaupat.fi\/en\/yhteystiedot\/\"]}]},{\"@type\":\"BreadcrumbList\",\"@id\":\"https:\/\/www.hevoshuutokaupat.fi\/en\/yhteystiedot\/#breadcrumb\",\"itemListElement\":[{\"@type\":\"ListItem\",\"position\":1,\"name\":\"Etusivu\",\"item\":\"https:\/\/www.hevoshuutokaupat.fi\/en\/\"},{\"@type\":\"ListItem\",\"position\":2,\"name\":\"Contact\"}]},{\"@type\":\"WebSite\",\"@id\":\"https:\/\/www.hevoshuutokaupat.fi\/#website\",\"url\":\"https:\/\/www.hevoshuutokaupat.fi\/\",\"name\":\"Starinitan varsahuutokauppa\",\"description\":\"Perinteik\u00e4s Varsahuutokauppa j\u00e4rjestet\u00e4\u00e4n Yp\u00e4j\u00e4n Hevosopistolla perjantaina 13.9.2019 jo 22. kerran!\",\"publisher\":{\"@id\":\"https:\/\/www.hevoshuutokaupat.fi\/#organization\"},\"potentialAction\":[{\"@type\":\"SearchAction\",\"target\":{\"@type\":\"EntryPoint\",\"urlTemplate\":\"https:\/\/www.hevoshuutokaupat.fi\/?s={search_term_string}\"},\"query-input\":{\"@type\":\"PropertyValueSpecification\",\"valueRequired\":true,\"valueName\":\"search_term_string\"}}],\"inLanguage\":\"en-US\"},{\"@type\":\"Organization\",\"@id\":\"https:\/\/www.hevoshuutokaupat.fi\/#organization\",\"name\":\"Starinitan varsahuutokauppa\",\"url\":\"https:\/\/www.hevoshuutokaupat.fi\/\",\"logo\":{\"@type\":\"ImageObject\",\"inLanguage\":\"en-US\",\"@id\":\"https:\/\/www.hevoshuutokaupat.fi\/#\/schema\/logo\/image\/\",\"url\":\"https:\/\/www.hevoshuutokaupat.fi\/wp-content\/uploads\/2021\/06\/logo_white2-1.png\",\"contentUrl\":\"https:\/\/www.hevoshuutokaupat.fi\/wp-content\/uploads\/2021\/06\/logo_white2-1.png\",\"width\":328,\"height\":115,\"caption\":\"Starinitan varsahuutokauppa\"},\"image\":{\"@id\":\"https:\/\/www.hevoshuutokaupat.fi\/#\/schema\/logo\/image\/\"}}]}<\/script>\n<!-- \/ Yoast SEO plugin. -->","yoast_head_json":{"title":"Contact - Starinitan varsahuutokauppa","robots":{"index":"index","follow":"follow","max-snippet":"max-snippet:-1","max-image-preview":"max-image-preview:large","max-video-preview":"max-video-preview:-1"},"canonical":"https:\/\/www.hevoshuutokaupat.fi\/en\/yhteystiedot\/","og_locale":"en_US","og_type":"article","og_title":"Contact - Starinitan varsahuutokauppa","og_description":"[vc_row full_width=&#8221;stretch_row&#8221; content_placement=&#8221;middle&#8221; css=&#8221;.vc_custom_1551078521338{padding-bottom: 30px !important;}&#8221;][vc_column el_class=&#8221;pr-lg-2&#8243;][vc_row_inner][vc_column_inner width=&#8221;1\/2&#8243; offset=&#8221;vc_col-lg-6 vc_col-md-6&#8243;][\/vc_column_inner][vc_column_inner width=&#8221;1\/2&#8243; offset=&#8221;vc_col-lg-6 vc_col-md-6&#8243;][\/vc_column_inner][\/vc_row_inner][\/vc_column][\/vc_row]","og_url":"https:\/\/www.hevoshuutokaupat.fi\/en\/yhteystiedot\/","og_site_name":"Starinitan varsahuutokauppa","article_modified_time":"2019-08-09T10:53:12+00:00","twitter_card":"summary_large_image","twitter_misc":{"Est. reading time":"2 minutes"},"schema":{"@context":"https:\/\/schema.org","@graph":[{"@type":"WebPage","@id":"https:\/\/www.hevoshuutokaupat.fi\/en\/yhteystiedot\/","url":"https:\/\/www.hevoshuutokaupat.fi\/en\/yhteystiedot\/","name":"Contact - Starinitan varsahuutokauppa","isPartOf":{"@id":"https:\/\/www.hevoshuutokaupat.fi\/#website"},"datePublished":"2018-11-27T11:03:53+00:00","dateModified":"2019-08-09T10:53:12+00:00","breadcrumb":{"@id":"https:\/\/www.hevoshuutokaupat.fi\/en\/yhteystiedot\/#breadcrumb"},"inLanguage":"en-US","potentialAction":[{"@type":"ReadAction","target":["https:\/\/www.hevoshuutokaupat.fi\/en\/yhteystiedot\/"]}]},{"@type":"BreadcrumbList","@id":"https:\/\/www.hevoshuutokaupat.fi\/en\/yhteystiedot\/#breadcrumb","itemListElement":[{"@type":"ListItem","position":1,"name":"Etusivu","item":"https:\/\/www.hevoshuutokaupat.fi\/en\/"},{"@type":"ListItem","position":2,"name":"Contact"}]},{"@type":"WebSite","@id":"https:\/\/www.hevoshuutokaupat.fi\/#website","url":"https:\/\/www.hevoshuutokaupat.fi\/","name":"Starinitan varsahuutokauppa","description":"Perinteik\u00e4s Varsahuutokauppa j\u00e4rjestet\u00e4\u00e4n Yp\u00e4j\u00e4n Hevosopistolla perjantaina 13.9.2019 jo 22. kerran!","publisher":{"@id":"https:\/\/www.hevoshuutokaupat.fi\/#organization"},"potentialAction":[{"@type":"SearchAction","target":{"@type":"EntryPoint","urlTemplate":"https:\/\/www.hevoshuutokaupat.fi\/?s={search_term_string}"},"query-input":{"@type":"PropertyValueSpecification","valueRequired":true,"valueName":"search_term_string"}}],"inLanguage":"en-US"},{"@type":"Organization","@id":"https:\/\/www.hevoshuutokaupat.fi\/#organization","name":"Starinitan varsahuutokauppa","url":"https:\/\/www.hevoshuutokaupat.fi\/","logo":{"@type":"ImageObject","inLanguage":"en-US","@id":"https:\/\/www.hevoshuutokaupat.fi\/#\/schema\/logo\/image\/","url":"https:\/\/www.hevoshuutokaupat.fi\/wp-content\/uploads\/2021\/06\/logo_white2-1.png","contentUrl":"https:\/\/www.hevoshuutokaupat.fi\/wp-content\/uploads\/2021\/06\/logo_white2-1.png","width":328,"height":115,"caption":"Starinitan varsahuutokauppa"},"image":{"@id":"https:\/\/www.hevoshuutokaupat.fi\/#\/schema\/logo\/image\/"}}]}},"_links":{"self":[{"href":"https:\/\/www.hevoshuutokaupat.fi\/en\/wp-json\/wp\/v2\/pages\/8610","targetHints":{"allow":["GET"]}}],"collection":[{"href":"https:\/\/www.hevoshuutokaupat.fi\/en\/wp-json\/wp\/v2\/pages"}],"about":[{"href":"https:\/\/www.hevoshuutokaupat.fi\/en\/wp-json\/wp\/v2\/types\/page"}],"author":[{"embeddable":true,"href":"https:\/\/www.hevoshuutokaupat.fi\/en\/wp-json\/wp\/v2\/users\/1"}],"replies":[{"embeddable":true,"href":"https:\/\/www.hevoshuutokaupat.fi\/en\/wp-json\/wp\/v2\/comments?post=8610"}],"version-history":[{"count":4,"href":"https:\/\/www.hevoshuutokaupat.fi\/en\/wp-json\/wp\/v2\/pages\/8610\/revisions"}],"predecessor-version":[{"id":8617,"href":"https:\/\/www.hevoshuutokaupat.fi\/en\/wp-json\/wp\/v2\/pages\/8610\/revisions\/8617"}],"wp:attachment":[{"href":"https:\/\/www.hevoshuutokaupat.fi\/en\/wp-json\/wp\/v2\/media?parent=8610"}],"curies":[{"name":"wp","href":"https:\/\/api.w.org\/{rel}","templated":true}]}}