{"id":8581,"date":"2019-01-31T10:04:25","date_gmt":"2019-01-31T08:04:25","guid":{"rendered":"https:\/\/www.hevoshuutokaupat.fi\/info\/"},"modified":"2019-08-08T15:57:15","modified_gmt":"2019-08-08T12:57:15","slug":"info","status":"publish","type":"page","link":"https:\/\/www.hevoshuutokaupat.fi\/en\/info\/","title":{"rendered":"Info"},"content":{"rendered":"<p>[vc_row full_width=&#8221;stretch_row&#8221; content_placement=&#8221;top&#8221; css=&#8221;.vc_custom_1556268441352{padding-bottom: 90px !important;}&#8221;][vc_column offset=&#8221;vc_col-lg-6 vc_col-md-6&#8243; el_class=&#8221;pl-lg-4 pr-lg-5&#8243;]<div class=\"section-title-wrapper margin-bottom-30 shortcode-rand-1 embrad-inline-css\" data-css=\"&quot;.shortcode-rand-1 .background-title { font-family:Dancing Script;font-weight:700;font-style:normal }.shortcode-rand-1 .background-title { color: #f0f0f0; }.shortcode-rand-1 .title-separator.separator-border, .shortcode-rand-1 .title-separator.separator-border:after, .shortcode-rand-1 .title-separator.separator-border:before { background-color: ; }.shortcode-rand-1.section-title-wrapper .sub-title { color: #000000; }.shortcode-rand-1.section-title-wrapper &gt; *:nth-child(1) { margin-bottom: 25px; }.shortcode-rand-1.section-title-wrapper &gt; *:nth-child(2) { margin-bottom: 20px; }.shortcode-rand-1 .section-title { color: #000000; text-transform: none; }&quot;\"><div class=\"title-wrap bg-title-enabled\"><h2 class=\"section-title\">Information<\/h2><span class=\"title-separator separator-border theme-color-bg\"><\/span><\/div><!-- .title-wrap --><div class=\"section-description\"><\/div><!-- .section-description --><div class=\"button-section\"><\/div><!-- .button-section --><\/div><!-- .section-title-wrapper -->[vc_column_text]<span style=\"font-weight: 400;\">The organizer of the Annual Yearling Auction is the firm Starinita Oy owned by Finnish Horse Owners Association (SHKL) and Association of Finnish Trotting Horse Breeders (SRHK).<\/span><\/p>\n<p><span style=\"font-weight: 400;\">The auction day of Starinita Oy is a traditional sales event for Finnish yearlings (warmblood and Finnhorses) in September. It is a day full of big hopes, excitement and meeting friends. Many things can happen before entering the sales ring and the knock of the hammer. Actually, when the breeder sells a yearling to a new owner, it\u2019s only the beginning.<\/span><\/p>\n<p><span style=\"font-weight: 400;\">Application time for the auction ends at the end of May. Members of SHKL and SRHK get a discount from registration fee. Then names of the yearlings at the auction are published on the auction\u2019s homepage. Yearlings will be taken in to the auction in registration order. The sales order will be published later on.<\/span>[\/vc_column_text][\/vc_column][vc_column offset=&#8221;vc_col-lg-6 vc_col-md-6&#8243; el_class=&#8221;pr-lg-5&#8243;][vc_row_inner css=&#8221;.vc_custom_1550837442760{margin-top: 25px !important;}&#8221;][vc_column_inner el_class=&#8221;d-i-block-b&#8221;][vc_column_text]<\/p>\n<h3>Information about the horses, photos and videos are on display at the auction\u2019s homepage<\/h3>\n<p>Information on participating yearlings and their owners can be found at the auction\u2019s homepage www.auction.hevoshuutokaupat.fi starting from June. So potential buyers have plenty of time to inspect the pedigrees and look photos and videos the yearling owners have delivered before the auction.<\/p>\n<p>Print version of the auction catalogue is published about a month before the auction day. Every yearling is presented on its own page with the pedigree and demonstration of the production of the maternal line. Also, breeders&#8217; comments and contact information are found on the page.<\/p>\n<p>A video tells far more about a yearling than photos. We recommend to plan and make the videos well in advance. Well-made video gives a realistic view of yearling\u2019s gait and appearance. We encourage to send photos and videos early in the summer, well in advance of the auction. Newer photo and video material can be updated later if necessary. The videos are published at the auction\u2019s homepage and additionally also in the YouTube channel of SHKL &amp; Hevoshuutokaupat.[\/vc_column_text][vc_wp_custommenu nav_menu=&#8221;16&#8243;][\/vc_column_inner][\/vc_row_inner][\/vc_column][\/vc_row]<\/p>\n","protected":false},"excerpt":{"rendered":"<p>[vc_row full_width=&#8221;stretch_row&#8221; content_placement=&#8221;top&#8221; css=&#8221;.vc_custom_1556268441352{padding-bottom: 90px !important;}&#8221;][vc_column offset=&#8221;vc_col-lg-6 vc_col-md-6&#8243; el_class=&#8221;pl-lg-4 pr-lg-5&#8243;][vc_column_text]The organizer of the Annual Yearling Auction is the firm Starinita Oy owned by Finnish Horse Owners Association (SHKL) and Association of Finnish Trotting Horse Breeders (SRHK). The auction day of Starinita Oy is a traditional sales event for Finnish yearlings (warmblood and Finnhorses) in September.<\/p>\n","protected":false},"author":1,"featured_media":0,"parent":0,"menu_order":0,"comment_status":"closed","ping_status":"closed","template":"","meta":{"footnotes":""},"class_list":["post-8581","page","type-page","status-publish","hentry"],"yoast_head":"<!-- This site is optimized with the Yoast SEO plugin v27.2 - https:\/\/yoast.com\/product\/yoast-seo-wordpress\/ -->\n<title>Info - Starinitan varsahuutokauppa<\/title>\n<meta name=\"robots\" content=\"index, follow, max-snippet:-1, max-image-preview:large, max-video-preview:-1\" \/>\n<link rel=\"canonical\" href=\"https:\/\/www.hevoshuutokaupat.fi\/en\/info\/\" \/>\n<meta property=\"og:locale\" content=\"en_US\" \/>\n<meta property=\"og:type\" content=\"article\" \/>\n<meta property=\"og:title\" content=\"Info - Starinitan varsahuutokauppa\" \/>\n<meta property=\"og:description\" content=\"[vc_row full_width=&#8221;stretch_row&#8221; content_placement=&#8221;top&#8221; css=&#8221;.vc_custom_1556268441352{padding-bottom: 90px !important;}&#8221;][vc_column offset=&#8221;vc_col-lg-6 vc_col-md-6&#8243; el_class=&#8221;pl-lg-4 pr-lg-5&#8243;][vc_column_text]The organizer of the Annual Yearling Auction is the firm Starinita Oy owned by Finnish Horse Owners Association (SHKL) and Association of Finnish Trotting Horse Breeders (SRHK). The auction day of Starinita Oy is a traditional sales event for Finnish yearlings (warmblood and Finnhorses) in September.\" \/>\n<meta property=\"og:url\" content=\"https:\/\/www.hevoshuutokaupat.fi\/en\/info\/\" \/>\n<meta property=\"og:site_name\" content=\"Starinitan varsahuutokauppa\" \/>\n<meta property=\"article:modified_time\" content=\"2019-08-08T12:57:15+00:00\" \/>\n<meta name=\"twitter:card\" content=\"summary_large_image\" \/>\n<meta name=\"twitter:label1\" content=\"Est. reading time\" \/>\n\t<meta name=\"twitter:data1\" content=\"2 minutes\" \/>\n<script type=\"application\/ld+json\" class=\"yoast-schema-graph\">{\"@context\":\"https:\/\/schema.org\",\"@graph\":[{\"@type\":\"WebPage\",\"@id\":\"https:\/\/www.hevoshuutokaupat.fi\/en\/info\/\",\"url\":\"https:\/\/www.hevoshuutokaupat.fi\/en\/info\/\",\"name\":\"Info - Starinitan varsahuutokauppa\",\"isPartOf\":{\"@id\":\"https:\/\/www.hevoshuutokaupat.fi\/#website\"},\"datePublished\":\"2019-01-31T08:04:25+00:00\",\"dateModified\":\"2019-08-08T12:57:15+00:00\",\"breadcrumb\":{\"@id\":\"https:\/\/www.hevoshuutokaupat.fi\/en\/info\/#breadcrumb\"},\"inLanguage\":\"en-US\",\"potentialAction\":[{\"@type\":\"ReadAction\",\"target\":[\"https:\/\/www.hevoshuutokaupat.fi\/en\/info\/\"]}]},{\"@type\":\"BreadcrumbList\",\"@id\":\"https:\/\/www.hevoshuutokaupat.fi\/en\/info\/#breadcrumb\",\"itemListElement\":[{\"@type\":\"ListItem\",\"position\":1,\"name\":\"Etusivu\",\"item\":\"https:\/\/www.hevoshuutokaupat.fi\/en\/\"},{\"@type\":\"ListItem\",\"position\":2,\"name\":\"Info\"}]},{\"@type\":\"WebSite\",\"@id\":\"https:\/\/www.hevoshuutokaupat.fi\/#website\",\"url\":\"https:\/\/www.hevoshuutokaupat.fi\/\",\"name\":\"Starinitan varsahuutokauppa\",\"description\":\"Perinteik\u00e4s Varsahuutokauppa j\u00e4rjestet\u00e4\u00e4n Yp\u00e4j\u00e4n Hevosopistolla perjantaina 13.9.2019 jo 22. kerran!\",\"publisher\":{\"@id\":\"https:\/\/www.hevoshuutokaupat.fi\/#organization\"},\"potentialAction\":[{\"@type\":\"SearchAction\",\"target\":{\"@type\":\"EntryPoint\",\"urlTemplate\":\"https:\/\/www.hevoshuutokaupat.fi\/?s={search_term_string}\"},\"query-input\":{\"@type\":\"PropertyValueSpecification\",\"valueRequired\":true,\"valueName\":\"search_term_string\"}}],\"inLanguage\":\"en-US\"},{\"@type\":\"Organization\",\"@id\":\"https:\/\/www.hevoshuutokaupat.fi\/#organization\",\"name\":\"Starinitan varsahuutokauppa\",\"url\":\"https:\/\/www.hevoshuutokaupat.fi\/\",\"logo\":{\"@type\":\"ImageObject\",\"inLanguage\":\"en-US\",\"@id\":\"https:\/\/www.hevoshuutokaupat.fi\/#\/schema\/logo\/image\/\",\"url\":\"https:\/\/www.hevoshuutokaupat.fi\/wp-content\/uploads\/2021\/06\/logo_white2-1.png\",\"contentUrl\":\"https:\/\/www.hevoshuutokaupat.fi\/wp-content\/uploads\/2021\/06\/logo_white2-1.png\",\"width\":328,\"height\":115,\"caption\":\"Starinitan varsahuutokauppa\"},\"image\":{\"@id\":\"https:\/\/www.hevoshuutokaupat.fi\/#\/schema\/logo\/image\/\"}}]}<\/script>\n<!-- \/ Yoast SEO plugin. -->","yoast_head_json":{"title":"Info - Starinitan varsahuutokauppa","robots":{"index":"index","follow":"follow","max-snippet":"max-snippet:-1","max-image-preview":"max-image-preview:large","max-video-preview":"max-video-preview:-1"},"canonical":"https:\/\/www.hevoshuutokaupat.fi\/en\/info\/","og_locale":"en_US","og_type":"article","og_title":"Info - Starinitan varsahuutokauppa","og_description":"[vc_row full_width=&#8221;stretch_row&#8221; content_placement=&#8221;top&#8221; css=&#8221;.vc_custom_1556268441352{padding-bottom: 90px !important;}&#8221;][vc_column offset=&#8221;vc_col-lg-6 vc_col-md-6&#8243; el_class=&#8221;pl-lg-4 pr-lg-5&#8243;][vc_column_text]The organizer of the Annual Yearling Auction is the firm Starinita Oy owned by Finnish Horse Owners Association (SHKL) and Association of Finnish Trotting Horse Breeders (SRHK). The auction day of Starinita Oy is a traditional sales event for Finnish yearlings (warmblood and Finnhorses) in September.","og_url":"https:\/\/www.hevoshuutokaupat.fi\/en\/info\/","og_site_name":"Starinitan varsahuutokauppa","article_modified_time":"2019-08-08T12:57:15+00:00","twitter_card":"summary_large_image","twitter_misc":{"Est. reading time":"2 minutes"},"schema":{"@context":"https:\/\/schema.org","@graph":[{"@type":"WebPage","@id":"https:\/\/www.hevoshuutokaupat.fi\/en\/info\/","url":"https:\/\/www.hevoshuutokaupat.fi\/en\/info\/","name":"Info - Starinitan varsahuutokauppa","isPartOf":{"@id":"https:\/\/www.hevoshuutokaupat.fi\/#website"},"datePublished":"2019-01-31T08:04:25+00:00","dateModified":"2019-08-08T12:57:15+00:00","breadcrumb":{"@id":"https:\/\/www.hevoshuutokaupat.fi\/en\/info\/#breadcrumb"},"inLanguage":"en-US","potentialAction":[{"@type":"ReadAction","target":["https:\/\/www.hevoshuutokaupat.fi\/en\/info\/"]}]},{"@type":"BreadcrumbList","@id":"https:\/\/www.hevoshuutokaupat.fi\/en\/info\/#breadcrumb","itemListElement":[{"@type":"ListItem","position":1,"name":"Etusivu","item":"https:\/\/www.hevoshuutokaupat.fi\/en\/"},{"@type":"ListItem","position":2,"name":"Info"}]},{"@type":"WebSite","@id":"https:\/\/www.hevoshuutokaupat.fi\/#website","url":"https:\/\/www.hevoshuutokaupat.fi\/","name":"Starinitan varsahuutokauppa","description":"Perinteik\u00e4s Varsahuutokauppa j\u00e4rjestet\u00e4\u00e4n Yp\u00e4j\u00e4n Hevosopistolla perjantaina 13.9.2019 jo 22. kerran!","publisher":{"@id":"https:\/\/www.hevoshuutokaupat.fi\/#organization"},"potentialAction":[{"@type":"SearchAction","target":{"@type":"EntryPoint","urlTemplate":"https:\/\/www.hevoshuutokaupat.fi\/?s={search_term_string}"},"query-input":{"@type":"PropertyValueSpecification","valueRequired":true,"valueName":"search_term_string"}}],"inLanguage":"en-US"},{"@type":"Organization","@id":"https:\/\/www.hevoshuutokaupat.fi\/#organization","name":"Starinitan varsahuutokauppa","url":"https:\/\/www.hevoshuutokaupat.fi\/","logo":{"@type":"ImageObject","inLanguage":"en-US","@id":"https:\/\/www.hevoshuutokaupat.fi\/#\/schema\/logo\/image\/","url":"https:\/\/www.hevoshuutokaupat.fi\/wp-content\/uploads\/2021\/06\/logo_white2-1.png","contentUrl":"https:\/\/www.hevoshuutokaupat.fi\/wp-content\/uploads\/2021\/06\/logo_white2-1.png","width":328,"height":115,"caption":"Starinitan varsahuutokauppa"},"image":{"@id":"https:\/\/www.hevoshuutokaupat.fi\/#\/schema\/logo\/image\/"}}]}},"_links":{"self":[{"href":"https:\/\/www.hevoshuutokaupat.fi\/en\/wp-json\/wp\/v2\/pages\/8581","targetHints":{"allow":["GET"]}}],"collection":[{"href":"https:\/\/www.hevoshuutokaupat.fi\/en\/wp-json\/wp\/v2\/pages"}],"about":[{"href":"https:\/\/www.hevoshuutokaupat.fi\/en\/wp-json\/wp\/v2\/types\/page"}],"author":[{"embeddable":true,"href":"https:\/\/www.hevoshuutokaupat.fi\/en\/wp-json\/wp\/v2\/users\/1"}],"replies":[{"embeddable":true,"href":"https:\/\/www.hevoshuutokaupat.fi\/en\/wp-json\/wp\/v2\/comments?post=8581"}],"version-history":[{"count":4,"href":"https:\/\/www.hevoshuutokaupat.fi\/en\/wp-json\/wp\/v2\/pages\/8581\/revisions"}],"predecessor-version":[{"id":8587,"href":"https:\/\/www.hevoshuutokaupat.fi\/en\/wp-json\/wp\/v2\/pages\/8581\/revisions\/8587"}],"wp:attachment":[{"href":"https:\/\/www.hevoshuutokaupat.fi\/en\/wp-json\/wp\/v2\/media?parent=8581"}],"curies":[{"name":"wp","href":"https:\/\/api.w.org\/{rel}","templated":true}]}}